{"id":2941,"date":"2022-01-31T16:43:41","date_gmt":"2022-01-31T16:43:41","guid":{"rendered":"https:\/\/alfrisa.com\/?page_id=2941"},"modified":"2024-04-16T07:29:54","modified_gmt":"2024-04-16T07:29:54","slug":"cabillaud","status":"publish","type":"page","link":"https:\/\/alfrisa.com\/fr\/cabillaud\/","title":{"rendered":"Produits Cabillaud"},"content":{"rendered":"<p>[et_pb_section fb_built=\u00a0\u00bb1&Prime; module_id=\u00a0\u00bbcaja_materia_prima\u00a0\u00bb _builder_version=\u00a0\u00bb4.14.7&Prime; _module_preset=\u00a0\u00bbdefault\u00a0\u00bb background_image=\u00a0\u00bbhttps:\/\/alfrisa.com\/wp-content\/uploads\/2022\/01\/pexels-geraud-pfeiffer-66052991-min-scaled.jpg\u00a0\u00bb min_height=\u00a0\u00bb800px\u00a0\u00bb min_height_tablet=\u00a0\u00bb650px\u00a0\u00bb min_height_phone=\u00a0\u00bb500px\u00a0\u00bb min_height_last_edited=\u00a0\u00bbon|desktop\u00a0\u00bb custom_padding=\u00a0\u00bb0px||0px||false|false\u00a0\u00bb custom_css_main_element=\u00a0\u00bbdisplay: flex;\u00a0\u00bb global_colors_info=\u00a0\u00bb{}\u00a0\u00bb][et_pb_row _builder_version=\u00a0\u00bb4.14.7&Prime; _module_preset=\u00a0\u00bbdefault\u00a0\u00bb width=\u00a0\u00bb100%\u00a0\u00bb max_width=\u00a0\u00bb100%\u00a0\u00bb custom_padding=\u00a0\u00bb0px||0px||false|false\u00a0\u00bb global_colors_info=\u00a0\u00bb{}\u00a0\u00bb][et_pb_column type=\u00a0\u00bb4_4&Prime; _builder_version=\u00a0\u00bb4.14.7&Prime; _module_preset=\u00a0\u00bbdefault\u00a0\u00bb global_colors_info=\u00a0\u00bb{}\u00a0\u00bb][et_pb_text admin_label=\u00a0\u00bbMateria prima\u00a0\u00bb _builder_version=\u00a0\u00bb4.14.7&Prime; _module_preset=\u00a0\u00bbdefault\u00a0\u00bb header_2_font_size=\u00a0\u00bb40px\u00a0\u00bb header_6_font_size=\u00a0\u00bb28px\u00a0\u00bb header_2_font_size_tablet=\u00a0\u00bb30px\u00a0\u00bb header_2_font_size_phone=\u00a0\u00bb25px\u00a0\u00bb header_2_font_size_last_edited=\u00a0\u00bbon|phone\u00a0\u00bb header_6_font_size_tablet=\u00a0\u00bb24px\u00a0\u00bb header_6_font_size_phone=\u00a0\u00bb20px\u00a0\u00bb header_6_font_size_last_edited=\u00a0\u00bbon|phone\u00a0\u00bb global_colors_info=\u00a0\u00bb{}\u00a0\u00bb]<\/p>\n<h2 style=\"font-family: 'poppins-regular'; color: #fff; text-align: center;\">Mati\u00e8res premi\u00e8res <span style=\"font-family: 'poppins-bold';\">de qualit\u00e9<\/span> | <span style=\"font-family: 'poppins-bold';\">Innovation<\/span> dans les processus et les formats<\/h2>\n<h2 style=\"font-family: 'poppins-regular'; color: #fff; text-align: center;\">Engagement en faveur du <span style=\"font-family: 'poppins-bold';\">d\u00e9veloppement durable la qualit\u00e9 pour nos clients<\/span><\/h2>\n<p>[\/et_pb_text][\/et_pb_column][\/et_pb_row][\/et_pb_section][et_pb_section fb_built=\u00a0\u00bb1&Prime; _builder_version=\u00a0\u00bb4.14.7&Prime; _module_preset=\u00a0\u00bbdefault\u00a0\u00bb global_colors_info=\u00a0\u00bb{}\u00a0\u00bb][et_pb_row _builder_version=\u00a0\u00bb4.14.7&Prime; _module_preset=\u00a0\u00bbdefault\u00a0\u00bb width=\u00a0\u00bb100%\u00a0\u00bb max_width=\u00a0\u00bb100%\u00a0\u00bb custom_padding=\u00a0\u00bb0px||0px||false|false\u00a0\u00bb global_colors_info=\u00a0\u00bb{}\u00a0\u00bb][et_pb_column type=\u00a0\u00bb4_4&Prime; _builder_version=\u00a0\u00bb4.14.7&Prime; _module_preset=\u00a0\u00bbdefault\u00a0\u00bb global_colors_info=\u00a0\u00bb{}\u00a0\u00bb][et_pb_text admin_label=\u00a0\u00bbLISTADO CON LOS PRODUCTOS (MEN\u00da)\u00a0\u00bb _builder_version=\u00a0\u00bb4.14.7&Prime; _module_preset=\u00a0\u00bbdefault\u00a0\u00bb header_4_font_size=\u00a0\u00bb28px\u00a0\u00bb header_4_font_size_tablet=\u00a0\u00bb24px\u00a0\u00bb header_4_font_size_phone=\u00a0\u00bb20px\u00a0\u00bb header_4_font_size_last_edited=\u00a0\u00bbon|phone\u00a0\u00bb global_colors_info=\u00a0\u00bb{}\u00a0\u00bb]<\/p>\n<h4 style=\"font-family: 'poppins-regular'; color: #000f2a; text-align: center;\"><a style=\"color: #000f2a;\" href=\"https:\/\/alfrisa.com\/fr\/thon\/\">THON<\/a> | <span style=\"font-family: 'poppins-bold';\"><a style=\"color: #000f2a;\" href=\"https:\/\/alfrisa.com\/fr\/cabillaud\/\">CABILLAUD<\/a><\/span> | <a style=\"color: #000f2a;\" href=\"https:\/\/alfrisa.com\/fr\/merlu-hubbsi\/\">MERLU HUBBSI<\/a> | <a style=\"color: #000f2a;\" href=\"https:\/\/alfrisa.com\/fr\/espadon\/\">ESPADON<\/a> | <a style=\"color: #000f2a;\" href=\"https:\/\/alfrisa.com\/fr\/saumon\/\">SAUMON<\/a> | <a style=\"color: #000f2a;\" href=\"https:\/\/alfrisa.com\/fr\/cephalopodes\/\">C\u00c9PHALOPODES<\/a> | <a style=\"color: #000f2a;\" href=\"https:\/\/alfrisa.com\/fr\/importation\/\">IMPORTATION<\/a><\/h4>\n<h4 style=\"font-family: 'poppins-regular'; color: #000f2a; text-align: center;\"><a style=\"color: #000f2a;\" href=\"https:\/\/alfrisa.com\/fr\/retail\/\">RETAIL<\/a> | <a style=\"color: #000f2a;\" href=\"https:\/\/alfrisa.com\/fr\/refrigerato\/\">REFRIGERATO<\/a><!-- | <a style=\"color: #000f2a;\" href=\"https:\/\/alfrisa.com\/fr\/semi-conserve\/\">SEMI-CONSERVE<\/a>--><!--  | <a style=\"color: #000f2a;\" href=\"https:\/\/alfrisa.com\/fr\/map\/\">MAP<\/a><\/h4>\n\n-->[\/et_pb_text][\/et_pb_column][\/et_pb_row][\/et_pb_section][et_pb_section fb_built=\u00a0\u00bb1&Prime; module_id=\u00a0\u00bbcaja de atunes\u00a0\u00bb _builder_version=\u00a0\u00bb4.14.7&Prime; _module_preset=\u00a0\u00bbdefault\u00a0\u00bb custom_padding=\u00a0\u00bb0px||0px||false|false\u00a0\u00bb global_colors_info=\u00a0\u00bb{}\u00a0\u00bb][et_pb_row column_structure=\u00a0\u00bb1_3,1_3,1_3&Prime; _builder_version=\u00a0\u00bb4.14.7&Prime; _module_preset=\u00a0\u00bbdefault\u00a0\u00bb width=\u00a0\u00bb70%\u00a0\u00bb max_width=\u00a0\u00bb100%\u00a0\u00bb custom_padding=\u00a0\u00bb||0px||false|false\u00a0\u00bb global_colors_info=\u00a0\u00bb{}\u00a0\u00bb][et_pb_column type=\u00a0\u00bb1_3&Prime; _builder_version=\u00a0\u00bb4.14.7&Prime; _module_preset=\u00a0\u00bbdefault\u00a0\u00bb global_colors_info=\u00a0\u00bb{}\u00a0\u00bb][et_pb_text admin_label=\u00a0\u00bbCABILLAUD FILET\u00a0\u00bb _builder_version=\u00a0\u00bb4.14.7&Prime; _module_preset=\u00a0\u00bbdefault\u00a0\u00bb header_4_font_size=\u00a0\u00bb20px\u00a0\u00bb hover_enabled=\u00a0\u00bb0&Prime; header_4_font_size_tablet=\u00a0\u00bb\u00a0\u00bb header_4_font_size_phone=\u00a0\u00bb\u00a0\u00bb header_4_font_size_last_edited=\u00a0\u00bbon|desktop\u00a0\u00bb global_colors_info=\u00a0\u00bb{}\u00a0\u00bb sticky_enabled=\u00a0\u00bb0&Prime;]<a href=\"https:\/\/alfrisa.com\/fr\/cabillaud\/cabillaud-filet\/\"><\/p>\n<h4 class=\"size_bacalao\" style=\"font-family: 'poppins-bold'; color: #000f2a; text-align: center; padding-bottom: 0px;\">CABILLAUD FILET<\/h4>\n<hr class=\"hr_bacalao\" style=\"border: 1px solid #000f2a;\">\n<p style=\"font-family: 'poppins-regular'; color: #000f2a; text-align: center; padding-bottom: 0px;\">(Gadus morhua)<\/p>\n<p style=\"text-align: center;\"><img decoding=\"async\" src=\"https:\/\/alfrisa.com\/wp-content\/uploads\/2022\/02\/boton_mas_blanco.jpg\"><\/p>\n<p><img decoding=\"async\" loading=\"lazy\" class=\"aligncenter wp-image-524 size-full\" src=\"https:\/\/alfrisa.com\/wp-content\/uploads\/2022\/01\/Filete-bacalao_1_.jpg\" alt=\"\" width=\"696\" height=\"491\" \/><br \/>\n<\/a>[\/et_pb_text][\/et_pb_column][et_pb_column type=\u00a0\u00bb1_3&Prime; _builder_version=\u00a0\u00bb4.14.7&Prime; _module_preset=\u00a0\u00bbdefault\u00a0\u00bb global_colors_info=\u00a0\u00bb{}\u00a0\u00bb][et_pb_text admin_label=\u00a0\u00bbCABILLAUD DOS DE MORUE DESSAL\u00c9E\u00a0\u00bb _builder_version=\u00a0\u00bb4.14.7&Prime; _module_preset=\u00a0\u00bbdefault\u00a0\u00bb header_4_font_size=\u00a0\u00bb20px\u00a0\u00bb hover_enabled=\u00a0\u00bb0&Prime; header_4_font_size_tablet=\u00a0\u00bb\u00a0\u00bb header_4_font_size_phone=\u00a0\u00bb\u00a0\u00bb header_4_font_size_last_edited=\u00a0\u00bbon|desktop\u00a0\u00bb global_colors_info=\u00a0\u00bb{}\u00a0\u00bb sticky_enabled=\u00a0\u00bb0&Prime;]<a href=\"https:\/\/alfrisa.com\/fr\/cabillaud\/cabillaud-dos-de-morue-dessalee\/\"><\/p>\n<h4 class=\"size_bacalao\" style=\"font-family: 'poppins-bold'; color: #000f2a; text-align: center; padding-bottom: 0px;\">CABILLAUD DOS DE MORUE DESSAL\u00c9E<\/h4>\n<hr class=\"hr_bacalao\" style=\"border: 1px solid #000f2a;\">\n<p style=\"font-family: 'poppins-regular'; color: #000f2a; text-align: center; padding-bottom: 0px;\">(Gadus morhua)<\/p>\n<p style=\"text-align: center;\"><img decoding=\"async\" src=\"https:\/\/alfrisa.com\/wp-content\/uploads\/2022\/02\/boton_mas_blanco.jpg\"><\/p>\n<p><img decoding=\"async\" loading=\"lazy\" class=\"aligncenter wp-image-524 size-full\" src=\"https:\/\/alfrisa.com\/wp-content\/uploads\/2022\/01\/Lomo-selecto-de-bacalao_1.jpg\" alt=\"\" width=\"696\" height=\"491\" \/><br \/>\n<\/a>[\/et_pb_text][\/et_pb_column][et_pb_column type=\u00a0\u00bb1_3&Prime; _builder_version=\u00a0\u00bb4.14.7&Prime; _module_preset=\u00a0\u00bbdefault\u00a0\u00bb global_colors_info=\u00a0\u00bb{}\u00a0\u00bb][et_pb_text admin_label=\u00a0\u00bbCABILLAUD DOS MORUE JUMBO\u00a0\u00bb _builder_version=\u00a0\u00bb4.14.7&Prime; _module_preset=\u00a0\u00bbdefault\u00a0\u00bb header_4_font_size=\u00a0\u00bb20px\u00a0\u00bb hover_enabled=\u00a0\u00bb0&Prime; header_4_font_size_tablet=\u00a0\u00bb\u00a0\u00bb header_4_font_size_phone=\u00a0\u00bb\u00a0\u00bb header_4_font_size_last_edited=\u00a0\u00bbon|desktop\u00a0\u00bb global_colors_info=\u00a0\u00bb{}\u00a0\u00bb sticky_enabled=\u00a0\u00bb0&Prime;]<a href=\"https:\/\/alfrisa.com\/fr\/cabillaud\/cabillaud-dos-de-morue-jumbo\/\"><\/p>\n<h4 class=\"size_bacalao\" style=\"font-family: 'poppins-bold'; color: #000f2a; text-align: center; padding-bottom: 0px;\">CABILLAUD DOS MORUE JUMBO<\/h4>\n<hr class=\"hr_bacalao\" style=\"border: 1px solid #000f2a;\">\n<p style=\"font-family: 'poppins-regular'; color: #000f2a; text-align: center; padding-bottom: 0px;\">(Gadus morhua)<\/p>\n<p style=\"text-align: center;\"><img decoding=\"async\" src=\"https:\/\/alfrisa.com\/wp-content\/uploads\/2022\/02\/boton_mas_blanco.jpg\"><\/p>\n<p><img decoding=\"async\" loading=\"lazy\" class=\"aligncenter wp-image-524 size-full\" src=\"https:\/\/alfrisa.com\/wp-content\/uploads\/2022\/01\/Lomo-jumbo-bacalao_1.jpg\" alt=\"\" width=\"696\" height=\"491\" \/><br \/>\n<\/a>[\/et_pb_text][\/et_pb_column][\/et_pb_row][et_pb_row column_structure=\u00a0\u00bb1_2,1_2&Prime; _builder_version=\u00a0\u00bb4.14.7&Prime; _module_preset=\u00a0\u00bbdefault\u00a0\u00bb width=\u00a0\u00bb70%\u00a0\u00bb max_width=\u00a0\u00bb100%\u00a0\u00bb custom_padding=\u00a0\u00bb0px||||false|false\u00a0\u00bb global_colors_info=\u00a0\u00bb{}\u00a0\u00bb][et_pb_column type=\u00a0\u00bb1_2&Prime; _builder_version=\u00a0\u00bb4.14.7&Prime; _module_preset=\u00a0\u00bbdefault\u00a0\u00bb global_colors_info=\u00a0\u00bb{}\u00a0\u00bb][et_pb_text admin_label=\u00a0\u00bbCABILLAUD PAV\u00c9 MORUE\u00a0\u00bb _builder_version=\u00a0\u00bb4.14.7&Prime; _module_preset=\u00a0\u00bbdefault\u00a0\u00bb header_4_font_size=\u00a0\u00bb20px\u00a0\u00bb hover_enabled=\u00a0\u00bb0&Prime; header_4_font_size_tablet=\u00a0\u00bb\u00a0\u00bb header_4_font_size_phone=\u00a0\u00bb\u00a0\u00bb header_4_font_size_last_edited=\u00a0\u00bbon|desktop\u00a0\u00bb global_colors_info=\u00a0\u00bb{}\u00a0\u00bb sticky_enabled=\u00a0\u00bb0&Prime;]<a href=\"https:\/\/alfrisa.com\/fr\/cabillaud\/cabillaud-pave-morue\/\"><\/p>\n<h4 class=\"size_bacalao\" style=\"font-family: 'poppins-bold'; color: #000f2a; text-align: center; padding-bottom: 0px;\">CABILLAUD PAV\u00c9 MORUE<\/h4>\n<hr class=\"hr_bacalao\" style=\"border: 1px solid #000f2a;\">\n<p style=\"font-family: 'poppins-regular'; color: #000f2a; text-align: center; padding-bottom: 0px;\">(Gadus morhua)<\/p>\n<p style=\"text-align: center;\"><img decoding=\"async\" src=\"https:\/\/alfrisa.com\/wp-content\/uploads\/2022\/02\/boton_mas_blanco.jpg\"><\/p>\n<p><img decoding=\"async\" loading=\"lazy\" class=\"aligncenter wp-image-524 size-full\" src=\"https:\/\/alfrisa.com\/wp-content\/uploads\/2022\/01\/Lomo-de-bacalao_1.jpg\" alt=\"\" width=\"696\" height=\"491\" \/><br \/>\n<\/a>[\/et_pb_text][\/et_pb_column][et_pb_column type=\u00a0\u00bb1_2&Prime; _builder_version=\u00a0\u00bb4.14.7&Prime; _module_preset=\u00a0\u00bbdefault\u00a0\u00bb global_colors_info=\u00a0\u00bb{}\u00a0\u00bb][et_pb_text admin_label=\u00a0\u00bbCABILLAUD DE QUEUES\u00a0\u00bb _builder_version=\u00a0\u00bb4.14.7&Prime; _module_preset=\u00a0\u00bbdefault\u00a0\u00bb header_4_font_size=\u00a0\u00bb20px\u00a0\u00bb hover_enabled=\u00a0\u00bb0&Prime; header_4_font_size_tablet=\u00a0\u00bb\u00a0\u00bb header_4_font_size_phone=\u00a0\u00bb\u00a0\u00bb header_4_font_size_last_edited=\u00a0\u00bbon|desktop\u00a0\u00bb global_colors_info=\u00a0\u00bb{}\u00a0\u00bb sticky_enabled=\u00a0\u00bb0&Prime;]<a href=\"https:\/\/alfrisa.com\/fr\/cabillaud\/cabillaud-de-queues\/\"><\/p>\n<h4 class=\"size_bacalao\" style=\"font-family: 'poppins-bold'; color: #000f2a; text-align: center; padding-bottom: 0px;\">CABILLAUD DE QUEUES<\/h4>\n<hr class=\"hr_bacalao\" style=\"border: 1px solid #000f2a;\">\n<p style=\"font-family: 'poppins-regular'; color: #000f2a; text-align: center; padding-bottom: 0px;\">(Gadus morhua)<\/p>\n<p style=\"text-align: center;\"><img decoding=\"async\" src=\"https:\/\/alfrisa.com\/wp-content\/uploads\/2022\/02\/boton_mas_blanco.jpg\"><\/p>\n<p><img decoding=\"async\" class=\"aligncenter wp-image-524 size-full\" src=\"https:\/\/alfrisa.com\/wp-content\/uploads\/2022\/02\/Bacalao-colas-inlet_2-1.jpg\" alt=\"\"\/><br \/>\n<\/a>[\/et_pb_text][\/et_pb_column][\/et_pb_row][\/et_pb_section]<\/p>\n","protected":false},"excerpt":{"rendered":"<p>Mati\u00e8res premi\u00e8res de qualit\u00e9 | Innovation dans les processus et les formats Engagement en faveur du d\u00e9veloppement durable la qualit\u00e9 pour nos clientsTHON | CABILLAUD | MERLU HUBBSI | ESPADON | SAUMON | C\u00c9PHALOPODES | IMPORTATION RETAIL | REFRIGERATO CABILLAUD FILET (Gadus morhua) CABILLAUD DOS DE MORUE DESSAL\u00c9E (Gadus morhua) CABILLAUD DOS MORUE JUMBO (Gadus [&hellip;]<\/p>\n","protected":false},"author":1,"featured_media":0,"parent":0,"menu_order":0,"comment_status":"closed","ping_status":"closed","template":"","meta":{"_et_pb_use_builder":"on","_et_pb_old_content":"[et_pb_section fb_built=\"1\" module_id=\"caja_materia_prima\" _builder_version=\"4.14.7\" _module_preset=\"default\" background_image=\"https:\/\/alfrisa.com\/wp-content\/uploads\/2022\/01\/pexels-geraud-pfeiffer-66052991-min-scaled.jpg\" min_height=\"800px\" min_height_tablet=\"650px\" min_height_phone=\"500px\" min_height_last_edited=\"on|desktop\" custom_padding=\"0px||0px||false|false\" custom_css_main_element=\"display: flex;\" global_colors_info=\"{}\"][et_pb_row _builder_version=\"4.14.7\" _module_preset=\"default\" width=\"100%\" max_width=\"100%\" custom_padding=\"0px||0px||false|false\" global_colors_info=\"{}\"][et_pb_column type=\"4_4\" _builder_version=\"4.14.7\" _module_preset=\"default\" global_colors_info=\"{}\"][et_pb_text admin_label=\"Materia prima\" _builder_version=\"4.14.7\" _module_preset=\"default\" header_2_font_size=\"40px\" header_6_font_size=\"28px\" header_2_font_size_tablet=\"30px\" header_2_font_size_phone=\"25px\" header_2_font_size_last_edited=\"on|phone\" header_6_font_size_tablet=\"24px\" header_6_font_size_phone=\"20px\" header_6_font_size_last_edited=\"on|phone\" global_colors_info=\"{}\"]<h2 style=\"font-family: 'poppins-regular'; color: #fff; text-align: center;\">Materia prima <span style=\"font-family: 'poppins-bold';\">de calidad<\/span> | <span style=\"font-family: 'poppins-bold';\">Innovaci\u00f3n<\/span> en los proyectos y formatos<\/h2>\r\n<h2 style=\"font-family: 'poppins-regular'; color: #fff; text-align: center;\">Compromiso con la <span style=\"font-family: 'poppins-bold';\">sostenibilidad<\/span><\/h2>[\/et_pb_text][\/et_pb_column][\/et_pb_row][\/et_pb_section][et_pb_section fb_built=\"1\" _builder_version=\"4.14.7\" _module_preset=\"default\" global_colors_info=\"{}\"][et_pb_row _builder_version=\"4.14.7\" _module_preset=\"default\" width=\"100%\" max_width=\"100%\" custom_padding=\"0px||0px||false|false\" global_colors_info=\"{}\"][et_pb_column type=\"4_4\" _builder_version=\"4.14.7\" _module_preset=\"default\" global_colors_info=\"{}\"][et_pb_text admin_label=\"LISTADO CON LOS PRODUCTOS (MEN\u00da)\" _builder_version=\"4.14.7\" _module_preset=\"default\" header_4_font_size=\"28px\" header_4_font_size_tablet=\"24px\" header_4_font_size_phone=\"20px\" header_4_font_size_last_edited=\"on|phone\" global_colors_info=\"{}\"]<h4 style=\"font-family: 'poppins-regular'; color: #000f2a; text-align: center;\"><a style=\"color: #000f2a;\" href=\"https:\/\/alfrisa.com\/atun\/\">AT\u00daN<\/a> | <span style=\"font-family: 'poppins-bold';\"><a style=\"color: #000f2a;\" href=\"https:\/\/alfrisa.com\/bacalao\/\">BACALAO<\/a><\/span> | <a style=\"color: #000f2a;\" href=\"https:\/\/alfrisa.com\/merluza\/\">MERLUZA<\/a> | <a style=\"color: #000f2a;\" href=\"https:\/\/alfrisa.com\/emperador\/\">EMPERADOR<\/a> | <a style=\"color: #000f2a;\" href=\"https:\/\/alfrisa.com\/salmon\/\">SALM\u00d3N<\/a> | <a style=\"color: #000f2a;\" href=\"https:\/\/alfrisa.com\/cefalopodos\/\">CEFAL\u00d3PODOS<\/a> | <a style=\"color: #000f2a;\" href=\"https:\/\/alfrisa.com\/import\/\">IMPORT<\/a><\/h4>\r\n<h4 style=\"font-family: 'poppins-regular'; color: #000f2a; text-align: center;\"><a style=\"color: #000f2a;\" href=\"https:\/\/alfrisa.com\/retail\/\">RETAIL<\/a> | <a style=\"color: #000f2a;\" href=\"https:\/\/alfrisa.com\/refrigerado\/\">REFRIGERADO<\/a> | <a style=\"color: #000f2a;\" href=\"https:\/\/alfrisa.com\/semiconserva\/\">SEMICONSERVA<\/a> | <a style=\"color: #000f2a;\" href=\"https:\/\/alfrisa.com\/map\/\">MAP<\/a><\/h4>[\/et_pb_text][\/et_pb_column][\/et_pb_row][\/et_pb_section][et_pb_section fb_built=\"1\" module_id=\"caja de atunes\" _builder_version=\"4.14.7\" _module_preset=\"default\" custom_padding=\"0px||0px||false|false\" global_colors_info=\"{}\"][et_pb_row column_structure=\"1_3,1_3,1_3\" _builder_version=\"4.14.7\" _module_preset=\"default\" width=\"70%\" max_width=\"100%\" custom_padding=\"||0px||false|false\" global_colors_info=\"{}\"][et_pb_column type=\"1_3\" _builder_version=\"4.14.7\" _module_preset=\"default\" global_colors_info=\"{}\"][et_pb_text admin_label=\"BACALAO FILETE\" _builder_version=\"4.14.7\" _module_preset=\"default\" header_4_font_size=\"20px\" header_4_font_size_tablet=\"\" header_4_font_size_phone=\"\" header_4_font_size_last_edited=\"on|desktop\" global_colors_info=\"{}\"]<a href=\"https:\/\/alfrisa.com\/bacalao\/bacalao-filete\/\">\r\n<h4 class=\"size_bacalao\" style=\"font-family: 'poppins-bold'; color: #000f2a; text-align: center; padding-bottom: 0px;\">BACALAO FILETE<\/h4>\r\n<hr class=\"hr_bacalao\" style=\"border: 1px solid #000f2a;\">\r\n<p style=\"font-family: 'poppins-regular'; color: #000f2a; text-align: center; padding-bottom: 0px;\">(Gradus morha)<\/p>\r\n<p style=\"text-align: center;\"><img src=\"https:\/\/alfrisa.com\/wp-content\/uploads\/2022\/02\/boton_mas_blanco.jpg\"><\/p>\r\n<img class=\"aligncenter wp-image-524 size-full\" src=\"https:\/\/alfrisa.com\/wp-content\/uploads\/2022\/01\/Filete-bacalao_1_.jpg\" alt=\"\" width=\"696\" height=\"491\" \/>\r\n<\/a>[\/et_pb_text][\/et_pb_column][et_pb_column type=\"1_3\" _builder_version=\"4.14.7\" _module_preset=\"default\" global_colors_info=\"{}\"][et_pb_text admin_label=\"BACALAO LOMO SELECTO\" _builder_version=\"4.14.7\" _module_preset=\"default\" header_4_font_size=\"20px\" header_4_font_size_tablet=\"\" header_4_font_size_phone=\"\" header_4_font_size_last_edited=\"on|desktop\" global_colors_info=\"{}\"]<a href=\"https:\/\/alfrisa.com\/bacalao\/bacalao-lomo-selecto\/\">\r\n<h4 class=\"size_bacalao\" style=\"font-family: 'poppins-bold'; color: #000f2a; text-align: center; padding-bottom: 0px;\">BACALAO LOMO SELECTO<\/h4>\r\n<hr class=\"hr_bacalao\" style=\"border: 1px solid #000f2a;\">\r\n<p style=\"font-family: 'poppins-regular'; color: #000f2a; text-align: center; padding-bottom: 0px;\">(Gradus morha)<\/p>\r\n<p style=\"text-align: center;\"><img src=\"https:\/\/alfrisa.com\/wp-content\/uploads\/2022\/02\/boton_mas_blanco.jpg\"><\/p>\r\n<img class=\"aligncenter wp-image-524 size-full\" src=\"https:\/\/alfrisa.com\/wp-content\/uploads\/2022\/01\/Lomo-selecto-de-bacalao_1.jpg\" alt=\"\" width=\"696\" height=\"491\" \/>\r\n<\/a>[\/et_pb_text][\/et_pb_column][et_pb_column type=\"1_3\" _builder_version=\"4.14.7\" _module_preset=\"default\" global_colors_info=\"{}\"][et_pb_text admin_label=\"BACALAO LOMO JUMBO\" _builder_version=\"4.14.7\" _module_preset=\"default\" header_4_font_size=\"20px\" header_4_font_size_tablet=\"\" header_4_font_size_phone=\"\" header_4_font_size_last_edited=\"on|desktop\" global_colors_info=\"{}\"]<a href=\"https:\/\/alfrisa.com\/bacalao\/bacalao-lomo-jumbo\/\">\r\n<h4 class=\"size_bacalao\" style=\"font-family: 'poppins-bold'; color: #000f2a; text-align: center; padding-bottom: 0px;\">BACALAO LOMO JUMBO<\/h4>\r\n<hr class=\"hr_bacalao\" style=\"border: 1px solid #000f2a;\">\r\n<p style=\"font-family: 'poppins-regular'; color: #000f2a; text-align: center; padding-bottom: 0px;\">(Gradus morha)<\/p>\r\n<p style=\"text-align: center;\"><img src=\"https:\/\/alfrisa.com\/wp-content\/uploads\/2022\/02\/boton_mas_blanco.jpg\"><\/p>\r\n<img class=\"aligncenter wp-image-524 size-full\" src=\"https:\/\/alfrisa.com\/wp-content\/uploads\/2022\/01\/Lomo-jumbo-bacalao_1.jpg\" alt=\"\" width=\"696\" height=\"491\" \/>\r\n<\/a>[\/et_pb_text][\/et_pb_column][\/et_pb_row][et_pb_row column_structure=\"1_2,1_2\" _builder_version=\"4.14.7\" _module_preset=\"default\" width=\"70%\" max_width=\"100%\" custom_padding=\"0px||||false|false\" global_colors_info=\"{}\"][et_pb_column type=\"1_2\" _builder_version=\"4.14.7\" _module_preset=\"default\" global_colors_info=\"{}\"][et_pb_text admin_label=\"BACALAO LOMO\" _builder_version=\"4.14.7\" _module_preset=\"default\" header_4_font_size=\"20px\" header_4_font_size_tablet=\"\" header_4_font_size_phone=\"\" header_4_font_size_last_edited=\"on|desktop\" global_colors_info=\"{}\"]<a href=\"https:\/\/alfrisa.com\/bacalao\/bacalao-lomo\/\">\r\n<h4 class=\"size_bacalao\" style=\"font-family: 'poppins-bold'; color: #000f2a; text-align: center; padding-bottom: 0px;\">BACALAO LOMO<\/h4>\r\n<hr class=\"hr_bacalao\" style=\"border: 1px solid #000f2a;\">\r\n<p style=\"font-family: 'poppins-regular'; color: #000f2a; text-align: center; padding-bottom: 0px;\">(Gradus morha)<\/p>\r\n<p style=\"text-align: center;\"><img src=\"https:\/\/alfrisa.com\/wp-content\/uploads\/2022\/02\/boton_mas_blanco.jpg\"><\/p>\r\n<img class=\"aligncenter wp-image-524 size-full\" src=\"https:\/\/alfrisa.com\/wp-content\/uploads\/2022\/01\/Lomo-de-bacalao_1.jpg\" alt=\"\" width=\"696\" height=\"491\" \/>\r\n<\/a>[\/et_pb_text][\/et_pb_column][et_pb_column type=\"1_2\" _builder_version=\"4.14.7\" _module_preset=\"default\" global_colors_info=\"{}\"][et_pb_text admin_label=\"BACALAO COLAS\" _builder_version=\"4.14.7\" _module_preset=\"default\" header_4_font_size=\"20px\" hover_enabled=\"0\" header_4_font_size_tablet=\"\" header_4_font_size_phone=\"\" header_4_font_size_last_edited=\"on|desktop\" global_colors_info=\"{}\" sticky_enabled=\"0\"]<a href=\"https:\/\/alfrisa.com\/bacalao\/bacalao-colas\/\">\r\n<h4 class=\"size_bacalao\" style=\"font-family: 'poppins-bold'; color: #000f2a; text-align: center; padding-bottom: 0px;\">BACALAO COLAS<\/h4>\r\n<hr class=\"hr_bacalao\" style=\"border: 1px solid #000f2a;\">\r\n<p style=\"font-family: 'poppins-regular'; color: #000f2a; text-align: center; padding-bottom: 0px;\">(Gradus morha)<\/p>\r\n<p style=\"text-align: center;\"><img src=\"https:\/\/alfrisa.com\/wp-content\/uploads\/2022\/02\/boton_mas_blanco.jpg\"><\/p>\r\n<img class=\"aligncenter wp-image-524 size-full\" src=\"https:\/\/alfrisa.com\/wp-content\/uploads\/2022\/02\/Bacalao-colas-inlet_2-1.jpg\" alt=\"\"\/>\r\n<\/a>[\/et_pb_text][\/et_pb_column][\/et_pb_row][\/et_pb_section]","_et_gb_content_width":""},"_links":{"self":[{"href":"https:\/\/alfrisa.com\/fr\/wp-json\/wp\/v2\/pages\/2941"}],"collection":[{"href":"https:\/\/alfrisa.com\/fr\/wp-json\/wp\/v2\/pages"}],"about":[{"href":"https:\/\/alfrisa.com\/fr\/wp-json\/wp\/v2\/types\/page"}],"author":[{"embeddable":true,"href":"https:\/\/alfrisa.com\/fr\/wp-json\/wp\/v2\/users\/1"}],"replies":[{"embeddable":true,"href":"https:\/\/alfrisa.com\/fr\/wp-json\/wp\/v2\/comments?post=2941"}],"version-history":[{"count":11,"href":"https:\/\/alfrisa.com\/fr\/wp-json\/wp\/v2\/pages\/2941\/revisions"}],"predecessor-version":[{"id":4365,"href":"https:\/\/alfrisa.com\/fr\/wp-json\/wp\/v2\/pages\/2941\/revisions\/4365"}],"wp:attachment":[{"href":"https:\/\/alfrisa.com\/fr\/wp-json\/wp\/v2\/media?parent=2941"}],"curies":[{"name":"wp","href":"https:\/\/api.w.org\/{rel}","templated":true}]}}