{"id":3245,"date":"2022-02-03T12:32:09","date_gmt":"2022-02-03T12:32:09","guid":{"rendered":"https:\/\/alfrisa.com\/?page_id=3245"},"modified":"2023-03-09T13:43:29","modified_gmt":"2023-03-09T13:43:29","slug":"refrigerato","status":"publish","type":"page","link":"https:\/\/alfrisa.com\/fr\/refrigerato\/","title":{"rendered":"Refrigerato Produits"},"content":{"rendered":"<p>[et_pb_section fb_built=\u00a0\u00bb1&Prime; module_id=\u00a0\u00bbcaja_materia_prima\u00a0\u00bb _builder_version=\u00a0\u00bb4.14.7&Prime; _module_preset=\u00a0\u00bbdefault\u00a0\u00bb background_image=\u00a0\u00bbhttps:\/\/alfrisa.com\/wp-content\/uploads\/2022\/02\/ALFRISA0166.jpg\u00a0\u00bb min_height=\u00a0\u00bb800px\u00a0\u00bb min_height_tablet=\u00a0\u00bb650px\u00a0\u00bb min_height_phone=\u00a0\u00bb500px\u00a0\u00bb min_height_last_edited=\u00a0\u00bbon|desktop\u00a0\u00bb custom_padding=\u00a0\u00bb0px||0px||false|false\u00a0\u00bb custom_css_main_element=\u00a0\u00bbdisplay: flex;\u00a0\u00bb global_colors_info=\u00a0\u00bb{}\u00a0\u00bb][et_pb_row _builder_version=\u00a0\u00bb4.14.7&Prime; _module_preset=\u00a0\u00bbdefault\u00a0\u00bb width=\u00a0\u00bb100%\u00a0\u00bb max_width=\u00a0\u00bb100%\u00a0\u00bb custom_padding=\u00a0\u00bb0px||0px||false|false\u00a0\u00bb global_colors_info=\u00a0\u00bb{}\u00a0\u00bb][et_pb_column type=\u00a0\u00bb4_4&Prime; _builder_version=\u00a0\u00bb4.14.7&Prime; _module_preset=\u00a0\u00bbdefault\u00a0\u00bb global_colors_info=\u00a0\u00bb{}\u00a0\u00bb][et_pb_text admin_label=\u00a0\u00bbMateria prima\u00a0\u00bb _builder_version=\u00a0\u00bb4.14.7&Prime; _module_preset=\u00a0\u00bbdefault\u00a0\u00bb header_2_font_size=\u00a0\u00bb40px\u00a0\u00bb header_6_font_size=\u00a0\u00bb28px\u00a0\u00bb header_2_font_size_tablet=\u00a0\u00bb30px\u00a0\u00bb header_2_font_size_phone=\u00a0\u00bb25px\u00a0\u00bb header_2_font_size_last_edited=\u00a0\u00bbon|phone\u00a0\u00bb header_6_font_size_tablet=\u00a0\u00bb24px\u00a0\u00bb header_6_font_size_phone=\u00a0\u00bb20px\u00a0\u00bb header_6_font_size_last_edited=\u00a0\u00bbon|phone\u00a0\u00bb global_colors_info=\u00a0\u00bb{}\u00a0\u00bb]<\/p>\n<h2 style=\"font-family: 'poppins-regular'; color: #fff; text-align: center;\">Mati\u00e8res premi\u00e8res <span style=\"font-family: 'poppins-bold';\">de qualit\u00e9<\/span> | <span style=\"font-family: 'poppins-bold';\">Innovation<\/span> dans les processus et les formats<\/h2>\n<h2 style=\"font-family: 'poppins-regular'; color: #fff; text-align: center;\">Engagement en faveur du <span style=\"font-family: 'poppins-bold';\">d\u00e9veloppement durable la qualit\u00e9 pour nos clients<\/span><\/h2>\n<p>[\/et_pb_text][\/et_pb_column][\/et_pb_row][\/et_pb_section][et_pb_section fb_built=\u00a0\u00bb1&Prime; _builder_version=\u00a0\u00bb4.14.7&Prime; _module_preset=\u00a0\u00bbdefault\u00a0\u00bb global_colors_info=\u00a0\u00bb{}\u00a0\u00bb][et_pb_row _builder_version=\u00a0\u00bb4.14.7&Prime; _module_preset=\u00a0\u00bbdefault\u00a0\u00bb width=\u00a0\u00bb100%\u00a0\u00bb max_width=\u00a0\u00bb100%\u00a0\u00bb custom_padding=\u00a0\u00bb0px||0px||false|false\u00a0\u00bb global_colors_info=\u00a0\u00bb{}\u00a0\u00bb][et_pb_column type=\u00a0\u00bb4_4&Prime; _builder_version=\u00a0\u00bb4.14.7&Prime; _module_preset=\u00a0\u00bbdefault\u00a0\u00bb global_colors_info=\u00a0\u00bb{}\u00a0\u00bb][et_pb_text admin_label=\u00a0\u00bbLISTADO CON LOS PRODUCTOS (MEN\u00da)\u00a0\u00bb _builder_version=\u00a0\u00bb4.14.7&Prime; _module_preset=\u00a0\u00bbdefault\u00a0\u00bb header_4_font_size=\u00a0\u00bb28px\u00a0\u00bb hover_enabled=\u00a0\u00bb0&Prime; header_4_font_size_tablet=\u00a0\u00bb24px\u00a0\u00bb header_4_font_size_phone=\u00a0\u00bb20px\u00a0\u00bb header_4_font_size_last_edited=\u00a0\u00bbon|phone\u00a0\u00bb global_colors_info=\u00a0\u00bb{}\u00a0\u00bb sticky_enabled=\u00a0\u00bb0&Prime;]<\/p>\n<h4 style=\"font-family: 'poppins-regular'; color: #000f2a; text-align: center;\"><a style=\"color: #000f2a;\" href=\"https:\/\/alfrisa.com\/fr\/thon\/\">THON<\/a> | <a style=\"color: #000f2a;\" href=\"https:\/\/alfrisa.com\/fr\/cabillaud\/\">CABILLAUD<\/a> | <a style=\"color: #000f2a;\" href=\"https:\/\/alfrisa.com\/fr\/merlu-hubbsi\/\">MERLU HUBBSI<\/a> | <a style=\"color: #000f2a;\" href=\"https:\/\/alfrisa.com\/fr\/espadon\/\">ESPADON<\/a> | <a style=\"color: #000f2a;\" href=\"https:\/\/alfrisa.com\/fr\/saumon\/\">SAUMON<\/a> | <a style=\"color: #000f2a;\" href=\"https:\/\/alfrisa.com\/fr\/cephalopodes\/\">C\u00c9PHALOPODES<\/a> | <a style=\"color: #000f2a;\" href=\"https:\/\/alfrisa.com\/fr\/importation\/\">IMPORTATION<\/a><\/h4>\n<h4 style=\"font-family: 'poppins-regular'; color: #000f2a; text-align: center;\"><a style=\"color: #000f2a;\" href=\"https:\/\/alfrisa.com\/fr\/retail\/\">RETAIL<\/a> | <span style=\"font-family: 'poppins-bold';\"><a style=\"color: #000f2a;\" href=\"https:\/\/alfrisa.com\/fr\/refrigerato\/\">REFRIGERATO<\/a><\/span><!-- | <a style=\"color: #000f2a;\" href=\"https:\/\/alfrisa.com\/fr\/semi-conserve\/\">SEMI-CONSERVE<\/a>--><!--  | <a style=\"color: #000f2a;\" href=\"https:\/\/alfrisa.com\/fr\/map\/\">MAP<\/a><\/h4>\n\n-->[\/et_pb_text][\/et_pb_column][\/et_pb_row][\/et_pb_section][et_pb_section fb_built=\u00a0\u00bb1&Prime; module_id=\u00a0\u00bbcaja de atunes\u00a0\u00bb _builder_version=\u00a0\u00bb4.14.7&Prime; _module_preset=\u00a0\u00bbdefault\u00a0\u00bb custom_padding=\u00a0\u00bb0px||0px||false|false\u00a0\u00bb global_colors_info=\u00a0\u00bb{}\u00a0\u00bb][et_pb_row column_structure=\u00a0\u00bb1_3,1_3,1_3&Prime; _builder_version=\u00a0\u00bb4.14.7&Prime; _module_preset=\u00a0\u00bbdefault\u00a0\u00bb width=\u00a0\u00bb70%\u00a0\u00bb max_width=\u00a0\u00bb100%\u00a0\u00bb custom_padding=\u00a0\u00bb||0px||false|false\u00a0\u00bb global_colors_info=\u00a0\u00bb{}\u00a0\u00bb][et_pb_column type=\u00a0\u00bb1_3&Prime; _builder_version=\u00a0\u00bb4.14.7&Prime; _module_preset=\u00a0\u00bbdefault\u00a0\u00bb global_colors_info=\u00a0\u00bb{}\u00a0\u00bb][et_pb_text admin_label=\u00a0\u00bbLONGE DE THON R\u00c9FRIG\u00c9R\u00c9\u00a0\u00bb _builder_version=\u00a0\u00bb4.14.7&Prime; _module_preset=\u00a0\u00bbdefault\u00a0\u00bb header_4_font_size=\u00a0\u00bb20px\u00a0\u00bb header_4_font_size_tablet=\u00a0\u00bb\u00a0\u00bb header_4_font_size_phone=\u00a0\u00bb\u00a0\u00bb header_4_font_size_last_edited=\u00a0\u00bbon|desktop\u00a0\u00bb global_colors_info=\u00a0\u00bb{}\u00a0\u00bb]<a href=\"https:\/\/alfrisa.com\/fr\/refrigerato\/longe-de-thon-refrigere\/\"><\/p>\n<h4 class=\"size_refrigerado\" style=\"font-family: 'poppins-bold'; color: #000f2a; text-align: center; padding-bottom: 0px;\">LONGE DE THON<\/h4>\n<h4 class=\"size_refrigerado\" style=\"font-family: 'poppins-bold'; color: #000f2a; text-align: center; padding-bottom: 0px;\">R\u00c9FRIG\u00c9R\u00c9<\/h4>\n<hr class=\"hr_refrigerado\" style=\"border: 1px solid #000f2a;\">\n<p style=\"font-family: 'poppins-regular'; color: #000f2a; text-align: center; padding-bottom: 0px;\">(Thunnus albacares)<\/p>\n<p style=\"text-align: center;\"><img decoding=\"async\" src=\"https:\/\/alfrisa.com\/wp-content\/uploads\/2022\/02\/boton_mas_blanco.jpg\"><\/p>\n<p><img decoding=\"async\" loading=\"lazy\" class=\"aligncenter wp-image-524 size-full\" src=\"https:\/\/alfrisa.com\/wp-content\/uploads\/2022\/02\/at-min.png\" alt=\"\" width=\"696\" height=\"491\" \/><br \/>\n<\/a>[\/et_pb_text][\/et_pb_column][et_pb_column type=\u00a0\u00bb1_3&Prime; _builder_version=\u00a0\u00bb4.14.7&Prime; _module_preset=\u00a0\u00bbdefault\u00a0\u00bb global_colors_info=\u00a0\u00bb{}\u00a0\u00bb][et_pb_text admin_label=\u00a0\u00bbLONGE D&rsquo;ESPADON R\u00c9FRIG\u00c9R\u00c9\u00a0\u00bb _builder_version=\u00a0\u00bb4.14.7&Prime; _module_preset=\u00a0\u00bbdefault\u00a0\u00bb header_4_font_size=\u00a0\u00bb20px\u00a0\u00bb header_4_font_size_tablet=\u00a0\u00bb\u00a0\u00bb header_4_font_size_phone=\u00a0\u00bb\u00a0\u00bb header_4_font_size_last_edited=\u00a0\u00bbon|desktop\u00a0\u00bb global_colors_info=\u00a0\u00bb{}\u00a0\u00bb]<a href=\"https:\/\/alfrisa.com\/fr\/refrigerato\/longe-despadon-refrigere-avec-peau\/\"><\/p>\n<h4 class=\"size_refrigerado\" style=\"font-family: 'poppins-bold'; color: #000f2a; text-align: center; padding-bottom: 0px;\">LONGE D&rsquo;ESPADON<\/h4>\n<h4 class=\"size_refrigerado\" style=\"font-family: 'poppins-bold'; color: #000f2a; text-align: center; padding-bottom: 0px;\">R\u00c9FRIG\u00c9R\u00c9<\/h4>\n<hr class=\"hr_refrigerado\" style=\"border: 1px solid #000f2a;\">\n<p style=\"font-family: 'poppins-regular'; color: #000f2a; text-align: center; padding-bottom: 0px;\">(Xiphias gladius)<\/p>\n<p style=\"text-align: center;\"><img decoding=\"async\" src=\"https:\/\/alfrisa.com\/wp-content\/uploads\/2022\/02\/boton_mas_blanco.jpg\"><\/p>\n<p><img decoding=\"async\" loading=\"lazy\" class=\"aligncenter wp-image-524 size-full\" src=\"https:\/\/alfrisa.com\/wp-content\/uploads\/2022\/02\/emperador-min.png\" alt=\"\" width=\"696\" height=\"491\" \/><br \/>\n<\/a>[\/et_pb_text][\/et_pb_column][et_pb_column type=\u00a0\u00bb1_3&Prime; _builder_version=\u00a0\u00bb4.14.7&Prime; _module_preset=\u00a0\u00bbdefault\u00a0\u00bb global_colors_info=\u00a0\u00bb{}\u00a0\u00bb][et_pb_text admin_label=\u00a0\u00bbLONGE DE THON YELLOWFIN\u00a0\u00bb _builder_version=\u00a0\u00bb4.14.7&Prime; _module_preset=\u00a0\u00bbdefault\u00a0\u00bb header_4_font_size=\u00a0\u00bb20px\u00a0\u00bb header_4_font_size_tablet=\u00a0\u00bb\u00a0\u00bb header_4_font_size_phone=\u00a0\u00bb\u00a0\u00bb header_4_font_size_last_edited=\u00a0\u00bbon|desktop\u00a0\u00bb global_colors_info=\u00a0\u00bb{}\u00a0\u00bb]<a href=\"https:\/\/alfrisa.com\/fr\/refrigerato\/longes-de-thon-yellowfin\/\"><\/p>\n<h4 class=\"size_refrigerado\" style=\"font-family: 'poppins-bold'; color: #000f2a; text-align: center; padding-bottom: 0px;\">LONGE DE THON<\/h4>\n<h4 class=\"size_refrigerado\" style=\"font-family: 'poppins-bold'; color: #000f2a; text-align: center; padding-bottom: 0px;\">YELLOWFIN<\/h4>\n<hr class=\"hr_refrigerado\" style=\"border: 1px solid #000f2a;\">\n<p style=\"font-family: 'poppins-regular'; color: #000f2a; text-align: center; padding-bottom: 0px;\">(Thunnus albacares)<\/p>\n<p style=\"text-align: center;\"><img decoding=\"async\" src=\"https:\/\/alfrisa.com\/wp-content\/uploads\/2022\/02\/boton_mas_blanco.jpg\"><\/p>\n<p><img decoding=\"async\" loading=\"lazy\" class=\"aligncenter wp-image-524 size-full\" src=\"https:\/\/alfrisa.com\/wp-content\/uploads\/2023\/03\/PAPEL-VERDE-Atun-min.png\" alt=\"\" width=\"696\" height=\"491\" \/><br \/>\n<\/a>[\/et_pb_text][\/et_pb_column][\/et_pb_row][\/et_pb_section]<\/p>\n","protected":false},"excerpt":{"rendered":"<p>Mati\u00e8res premi\u00e8res de qualit\u00e9 | Innovation dans les processus et les formats Engagement en faveur du d\u00e9veloppement durable la qualit\u00e9 pour nos clientsTHON | CABILLAUD | MERLU HUBBSI | ESPADON | SAUMON | C\u00c9PHALOPODES | IMPORTATION RETAIL | REFRIGERATO LONGE DE THON R\u00c9FRIG\u00c9R\u00c9 (Thunnus albacares) LONGE D&rsquo;ESPADON R\u00c9FRIG\u00c9R\u00c9 (Xiphias gladius) LONGE DE THON YELLOWFIN (Thunnus [&hellip;]<\/p>\n","protected":false},"author":1,"featured_media":0,"parent":0,"menu_order":0,"comment_status":"closed","ping_status":"closed","template":"","meta":{"_et_pb_use_builder":"on","_et_pb_old_content":"[et_pb_section fb_built=\"1\" module_id=\"caja_materia_prima\" _builder_version=\"4.14.7\" _module_preset=\"default\" background_image=\"https:\/\/alfrisa.com\/wp-content\/uploads\/2022\/02\/ALFRISA0166.jpg\" min_height=\"800px\" min_height_tablet=\"650px\" min_height_phone=\"500px\" min_height_last_edited=\"on|desktop\" custom_padding=\"0px||0px||false|false\" custom_css_main_element=\"display: flex;\" global_colors_info=\"{}\"][et_pb_row _builder_version=\"4.14.7\" _module_preset=\"default\" width=\"100%\" max_width=\"100%\" custom_padding=\"0px||0px||false|false\" global_colors_info=\"{}\"][et_pb_column type=\"4_4\" _builder_version=\"4.14.7\" _module_preset=\"default\" global_colors_info=\"{}\"][et_pb_text admin_label=\"Materia prima\" _builder_version=\"4.14.7\" _module_preset=\"default\" header_2_font_size=\"40px\" header_6_font_size=\"28px\" header_2_font_size_tablet=\"30px\" header_2_font_size_phone=\"25px\" header_2_font_size_last_edited=\"on|phone\" header_6_font_size_tablet=\"24px\" header_6_font_size_phone=\"20px\" header_6_font_size_last_edited=\"on|phone\" global_colors_info=\"{}\"]<h2 style=\"font-family: 'poppins-regular'; color: #fff; text-align: center;\">Materia prima <span style=\"font-family: 'poppins-bold';\">de calidad<\/span> | <span style=\"font-family: 'poppins-bold';\">Innovaci\u00f3n<\/span> en los proyectos y formatos<\/h2>\r\n<h2 style=\"font-family: 'poppins-regular'; color: #fff; text-align: center;\">Compromiso con la <span style=\"font-family: 'poppins-bold';\">sostenibilidad<\/span><\/h2>[\/et_pb_text][\/et_pb_column][\/et_pb_row][\/et_pb_section][et_pb_section fb_built=\"1\" _builder_version=\"4.14.7\" _module_preset=\"default\" global_colors_info=\"{}\"][et_pb_row _builder_version=\"4.14.7\" _module_preset=\"default\" width=\"100%\" max_width=\"100%\" custom_padding=\"0px||0px||false|false\" global_colors_info=\"{}\"][et_pb_column type=\"4_4\" _builder_version=\"4.14.7\" _module_preset=\"default\" global_colors_info=\"{}\"][et_pb_text admin_label=\"LISTADO CON LOS PRODUCTOS (MEN\u00da)\" _builder_version=\"4.14.7\" _module_preset=\"default\" header_4_font_size=\"28px\" header_4_font_size_tablet=\"24px\" header_4_font_size_phone=\"20px\" header_4_font_size_last_edited=\"on|phone\" global_colors_info=\"{}\"]<h4 style=\"font-family: 'poppins-regular'; color: #000f2a; text-align: center;\"><a style=\"color: #000f2a;\" href=\"https:\/\/alfrisa.com\/atun\/\">AT\u00daN<\/a> | <a style=\"color: #000f2a;\" href=\"https:\/\/alfrisa.com\/bacalao\/\">BACALAO<\/a> | <a style=\"color: #000f2a;\" href=\"https:\/\/alfrisa.com\/merluza\/\">MERLUZA<\/a> | <a style=\"color: #000f2a;\" href=\"https:\/\/alfrisa.com\/emperador\/\">EMPERADOR<\/a> | <a style=\"color: #000f2a;\" href=\"https:\/\/alfrisa.com\/salmon\/\">SALM\u00d3N<\/a> | <a style=\"color: #000f2a;\" href=\"https:\/\/alfrisa.com\/cefalopodos\/\">CEFAL\u00d3PODOS<\/a> | <a style=\"color: #000f2a;\" href=\"https:\/\/alfrisa.com\/import\/\">IMPORT<\/a><\/h4>\r\n<h4 style=\"font-family: 'poppins-regular'; color: #000f2a; text-align: center;\"><a style=\"color: #000f2a;\" href=\"https:\/\/alfrisa.com\/retail\/\">RETAIL<\/a> | <span style=\"font-family: 'poppins-bold';\"><a style=\"color: #000f2a;\" href=\"https:\/\/alfrisa.com\/refrigerado\/\">REFRIGERADO<\/a><\/span> | <a style=\"color: #000f2a;\" href=\"https:\/\/alfrisa.com\/semiconserva\/\">SEMICONSERVA<\/a> | <a style=\"color: #000f2a;\" href=\"https:\/\/alfrisa.com\/map\/\">MAP<\/a><\/h4>[\/et_pb_text][\/et_pb_column][\/et_pb_row][\/et_pb_section][et_pb_section fb_built=\"1\" module_id=\"caja de atunes\" _builder_version=\"4.14.7\" _module_preset=\"default\" custom_padding=\"0px||0px||false|false\" global_colors_info=\"{}\"][et_pb_row column_structure=\"1_3,1_3,1_3\" _builder_version=\"4.14.7\" _module_preset=\"default\" width=\"70%\" max_width=\"100%\" custom_padding=\"||0px||false|false\" global_colors_info=\"{}\"][et_pb_column type=\"1_3\" _builder_version=\"4.14.7\" _module_preset=\"default\" global_colors_info=\"{}\"][et_pb_text admin_label=\"LOMO DE AT\u00daN\r\nREFRIGERADO\" _builder_version=\"4.14.7\" _module_preset=\"default\" header_4_font_size=\"20px\" header_4_font_size_tablet=\"\" header_4_font_size_phone=\"\" header_4_font_size_last_edited=\"on|desktop\" global_colors_info=\"{}\"]<a href=\"https:\/\/alfrisa.com\/refrigerado\/lomo-de-atun\/\">\r\n<h4 class=\"size_refrigerado\" style=\"font-family: 'poppins-bold'; color: #000f2a; text-align: center; padding-bottom: 0px;\">LOMO DE AT\u00daN<\/h4>\r\n<h4 class=\"size_refrigerado\" style=\"font-family: 'poppins-bold'; color: #000f2a; text-align: center; padding-bottom: 0px;\">REFRIGERADO<\/h4>\r\n<hr class=\"hr_refrigerado\" style=\"border: 1px solid #000f2a;\">\r\n<p style=\"font-family: 'poppins-regular'; color: #000f2a; text-align: center; padding-bottom: 0px;\">(Thunnus albacares)<\/p>\r\n<p style=\"text-align: center;\"><img src=\"https:\/\/alfrisa.com\/wp-content\/uploads\/2022\/02\/boton_mas_blanco.jpg\"><\/p>\r\n<img class=\"aligncenter wp-image-524 size-full\" src=\"https:\/\/alfrisa.com\/wp-content\/uploads\/2022\/02\/at-min.png\" alt=\"\" width=\"696\" height=\"491\" \/>\r\n<\/a>[\/et_pb_text][\/et_pb_column][et_pb_column type=\"1_3\" _builder_version=\"4.14.7\" _module_preset=\"default\" global_colors_info=\"{}\"][et_pb_text admin_label=\"LOMO DE EMPERADOR REFRIGERADO\" _builder_version=\"4.14.7\" _module_preset=\"default\" header_4_font_size=\"20px\" header_4_font_size_tablet=\"\" header_4_font_size_phone=\"\" header_4_font_size_last_edited=\"on|desktop\" global_colors_info=\"{}\"]<a href=\"https:\/\/alfrisa.com\/refrigerado\/lomo-emperador\/\">\r\n<h4 class=\"size_refrigerado\" style=\"font-family: 'poppins-bold'; color: #000f2a; text-align: center; padding-bottom: 0px;\">LOMO DE EMPERADOR<\/h4>\r\n<h4 class=\"size_refrigerado\" style=\"font-family: 'poppins-bold'; color: #000f2a; text-align: center; padding-bottom: 0px;\">REFRIGERADO<\/h4>\r\n<hr class=\"hr_refrigerado\" style=\"border: 1px solid #000f2a;\">\r\n<p style=\"font-family: 'poppins-regular'; color: #000f2a; text-align: center; padding-bottom: 0px;\">(Xiphias gladius)<\/p>\r\n<p style=\"text-align: center;\"><img src=\"https:\/\/alfrisa.com\/wp-content\/uploads\/2022\/02\/boton_mas_blanco.jpg\"><\/p>\r\n<img class=\"aligncenter wp-image-524 size-full\" src=\"https:\/\/alfrisa.com\/wp-content\/uploads\/2022\/02\/emperador-min.png\" alt=\"\" width=\"696\" height=\"491\" \/>\r\n<\/a>[\/et_pb_text][\/et_pb_column][et_pb_column type=\"1_3\" _builder_version=\"4.14.7\" _module_preset=\"default\" global_colors_info=\"{}\"][et_pb_text admin_label=\"AT\u00daN LOMO SIN PIEL PREMIUM\" _builder_version=\"4.14.7\" _module_preset=\"default\" header_4_font_size=\"20px\" hover_enabled=\"0\" header_4_font_size_tablet=\"\" header_4_font_size_phone=\"\" header_4_font_size_last_edited=\"on|desktop\" global_colors_info=\"{}\" sticky_enabled=\"0\"]<a href=\"https:\/\/alfrisa.com\/refrigerado\/atun-lomo-sin-piel-premium\/\">\r\n<h4 class=\"size_refrigerado\" style=\"font-family: 'poppins-bold'; color: #000f2a; text-align: center; padding-bottom: 0px;\">AT\u00daN LOMO SIN PIEL<\/h4>\r\n<h4 class=\"size_refrigerado\" style=\"font-family: 'poppins-bold'; color: #000f2a; text-align: center; padding-bottom: 0px;\">PREMIUM P.VERDE<\/h4>\r\n<hr class=\"hr_refrigerado\" style=\"border: 1px solid #000f2a;\">\r\n<p style=\"font-family: 'poppins-regular'; color: #000f2a; text-align: center; padding-bottom: 0px;\">(Thunnus albacares)<\/p>\r\n<p style=\"text-align: center;\"><img src=\"https:\/\/alfrisa.com\/wp-content\/uploads\/2022\/02\/boton_mas_blanco.jpg\"><\/p>\r\n<img class=\"aligncenter wp-image-1894 size-full\" src=\"https:\/\/alfrisa.com\/wp-content\/uploads\/2022\/02\/Recurso_atun_1.jpg\" alt=\"\" width=\"228\" height=\"300\" \/>\r\n<\/a>[\/et_pb_text][\/et_pb_column][\/et_pb_row][\/et_pb_section]","_et_gb_content_width":""},"_links":{"self":[{"href":"https:\/\/alfrisa.com\/fr\/wp-json\/wp\/v2\/pages\/3245"}],"collection":[{"href":"https:\/\/alfrisa.com\/fr\/wp-json\/wp\/v2\/pages"}],"about":[{"href":"https:\/\/alfrisa.com\/fr\/wp-json\/wp\/v2\/types\/page"}],"author":[{"embeddable":true,"href":"https:\/\/alfrisa.com\/fr\/wp-json\/wp\/v2\/users\/1"}],"replies":[{"embeddable":true,"href":"https:\/\/alfrisa.com\/fr\/wp-json\/wp\/v2\/comments?post=3245"}],"version-history":[{"count":8,"href":"https:\/\/alfrisa.com\/fr\/wp-json\/wp\/v2\/pages\/3245\/revisions"}],"predecessor-version":[{"id":4278,"href":"https:\/\/alfrisa.com\/fr\/wp-json\/wp\/v2\/pages\/3245\/revisions\/4278"}],"wp:attachment":[{"href":"https:\/\/alfrisa.com\/fr\/wp-json\/wp\/v2\/media?parent=3245"}],"curies":[{"name":"wp","href":"https:\/\/api.w.org\/{rel}","templated":true}]}}