{"id":3261,"date":"2022-02-09T12:03:49","date_gmt":"2022-02-09T12:03:49","guid":{"rendered":"https:\/\/alfrisa.com\/?page_id=3261"},"modified":"2023-03-09T13:10:43","modified_gmt":"2023-03-09T13:10:43","slug":"longes-de-thon-yellowfin","status":"publish","type":"page","link":"https:\/\/alfrisa.com\/fr\/refrigerato\/longes-de-thon-yellowfin\/","title":{"rendered":"Longes de thon yellowfin"},"content":{"rendered":"<p>[et_pb_section fb_built=\u00a0\u00bb1&Prime; custom_padding_last_edited=\u00a0\u00bbon|phone\u00a0\u00bb module_id=\u00a0\u00bbespecificacion_producto\u00a0\u00bb _builder_version=\u00a0\u00bb4.14.7&Prime; _module_preset=\u00a0\u00bbdefault\u00a0\u00bb custom_padding=\u00a0\u00bb150px||||false|false\u00a0\u00bb custom_padding_tablet=\u00a0\u00bb54px||||false|false\u00a0\u00bb custom_padding_phone=\u00a0\u00bb0px||||false|false\u00a0\u00bb global_colors_info=\u00a0\u00bb{}\u00a0\u00bb][et_pb_row column_structure=\u00a0\u00bb2_5,3_5&Prime; module_id=\u00a0\u00bbcaja_especificaciones_producto\u00a0\u00bb _builder_version=\u00a0\u00bb4.14.7&Prime; _module_preset=\u00a0\u00bbdefault\u00a0\u00bb background_enable_color=\u00a0\u00bboff\u00a0\u00bb global_colors_info=\u00a0\u00bb{}\u00a0\u00bb][et_pb_column type=\u00a0\u00bb2_5&Prime; _builder_version=\u00a0\u00bb4.14.7&Prime; _module_preset=\u00a0\u00bbdefault\u00a0\u00bb global_colors_info=\u00a0\u00bb{}\u00a0\u00bb][et_pb_text disabled_on=\u00a0\u00bboff|off|off\u00a0\u00bb admin_label=\u00a0\u00bbIMG LONGE DE THON YELLOWFIN\u00a0\u00bb _builder_version=\u00a0\u00bb4.14.7&Prime; _module_preset=\u00a0\u00bbdefault\u00a0\u00bb hover_enabled=\u00a0\u00bb0&Prime; global_colors_info=\u00a0\u00bb{}\u00a0\u00bb sticky_enabled=\u00a0\u00bb0&Prime;]<img decoding=\"async\" loading=\"lazy\" class=\"aligncenter wp-image-4131 size-large\" src=\"https:\/\/alfrisa.com\/wp-content\/uploads\/2023\/03\/PAPEL-VERDE-Atun-min-1024x768.png\" alt=\"\" width=\"1024\" height=\"768\" srcset=\"https:\/\/alfrisa.com\/wp-content\/uploads\/2023\/03\/PAPEL-VERDE-Atun-min-980x735.png 980w, https:\/\/alfrisa.com\/wp-content\/uploads\/2023\/03\/PAPEL-VERDE-Atun-min-480x360.png 480w\" sizes=\"(min-width: 0px) and (max-width: 480px) 480px, (min-width: 481px) and (max-width: 980px) 980px, (min-width: 981px) 1024px, 100vw\" \/>[\/et_pb_text][\/et_pb_column][et_pb_column type=\u00a0\u00bb3_5&Prime; _builder_version=\u00a0\u00bb4.14.7&Prime; _module_preset=\u00a0\u00bbdefault\u00a0\u00bb global_colors_info=\u00a0\u00bb{}\u00a0\u00bb][et_pb_text admin_label=\u00a0\u00bbTexto &#8211; LONGE DE THON YELLOWFIN\u00a0\u00bb _builder_version=\u00a0\u00bb4.14.7&Prime; _module_preset=\u00a0\u00bbdefault\u00a0\u00bb text_font_size=\u00a0\u00bb18px\u00a0\u00bb header_4_font_size=\u00a0\u00bb35px\u00a0\u00bb header_4_font_size_tablet=\u00a0\u00bb28px\u00a0\u00bb header_4_font_size_phone=\u00a0\u00bb24px\u00a0\u00bb header_4_font_size_last_edited=\u00a0\u00bbon|desktop\u00a0\u00bb global_colors_info=\u00a0\u00bb{}\u00a0\u00bb]<\/p>\n<h4 style=\"font-family: 'poppins-bold'; color: #000f2a; text-decoration: overline underline; \">LONGE DE THON YELLOWFIN<\/h4>\n<p style=\"padding-bottom: 0px;\">&nbsp;<\/p>\n<p style=\"color: #000f2a; font-family: 'poppins-regular';\"><span style=\"color: #149dd9; font-family: 'poppins-bold'\">Format: <\/span>R\u00e9frig\u00e9r\u00e9<\/p>\n<p style=\"color: #000f2a; font-family: 'poppins-regular';\"><span style=\"color: #149dd9; font-family: 'poppins-bold'\">Nom scientifique: <\/span>(Thunnus albacares)<\/p>\n<p style=\"color: #000f2a; font-family: 'poppins-regular';\"><span style=\"color: #149dd9; font-family: 'poppins-bold'\">Poids: <\/span>2\/5Kg<\/p>\n<p style=\"color: #000f2a; font-family: 'poppins-regular';\"><span style=\"color: #149dd9; font-family: 'poppins-bold'\">Packaging: <\/span>Sous-vide + bo\u00eete porex + glace<\/p>\n<p>[\/et_pb_text][\/et_pb_column][\/et_pb_row][\/et_pb_section]<\/p>\n","protected":false},"excerpt":{"rendered":"<p>LONGE DE THON YELLOWFIN &nbsp; Format: R\u00e9frig\u00e9r\u00e9 Nom scientifique: (Thunnus albacares) Poids: 2\/5Kg Packaging: Sous-vide + bo\u00eete porex + glace<\/p>\n","protected":false},"author":1,"featured_media":0,"parent":3245,"menu_order":0,"comment_status":"closed","ping_status":"closed","template":"","meta":{"_et_pb_use_builder":"on","_et_pb_old_content":"[et_pb_section fb_built=\"1\" custom_padding_last_edited=\"on|phone\" module_id=\"especificacion_producto\" _builder_version=\"4.14.7\" _module_preset=\"default\" custom_padding=\"150px||||false|false\" custom_padding_tablet=\"54px||||false|false\" custom_padding_phone=\"0px||||false|false\" global_colors_info=\"{}\"][et_pb_row column_structure=\"2_5,3_5\" module_id=\"caja_especificaciones_producto\" _builder_version=\"4.14.7\" _module_preset=\"default\" background_enable_color=\"off\" global_colors_info=\"{}\"][et_pb_column type=\"2_5\" _builder_version=\"4.14.7\" _module_preset=\"default\" global_colors_info=\"{}\"][et_pb_text disabled_on=\"off|off|off\" admin_label=\"IMG At\u00fan Lomo sin piel premium\" _builder_version=\"4.14.7\" _module_preset=\"default\" hover_enabled=\"0\" global_colors_info=\"{}\" sticky_enabled=\"0\"]<p><img class=\"aligncenter wp-image-1537 size-full\" src=\"https:\/\/alfrisa.com\/wp-content\/uploads\/2022\/02\/Recurso-1-1.png\" alt=\"\" width=\"1470\" height=\"1930\" \/><\/p>[\/et_pb_text][\/et_pb_column][et_pb_column type=\"3_5\" _builder_version=\"4.14.7\" _module_preset=\"default\" global_colors_info=\"{}\"][et_pb_text admin_label=\"Texto - At\u00fan Lomo sin piel premium\" _builder_version=\"4.14.7\" _module_preset=\"default\" text_font_size=\"18px\" header_4_font_size=\"35px\" header_4_font_size_tablet=\"28px\" header_4_font_size_phone=\"24px\" header_4_font_size_last_edited=\"on|desktop\" global_colors_info=\"{}\"]<h4 style=\"font-family: 'poppins-bold'; color: #000f2a; text-decoration: overline underline; \">AT\u00daN LOMO SIN PIEL PREMIUM<\/h4>\r\n<p style=\"padding-bottom: 0px;\">\u00a0<\/p>\r\n<p style=\"color: #000f2a; font-family: 'poppins-regular';\"><span style=\"color: #149dd9; font-family: 'poppins-bold'\">Formato: <\/span>Refrigerado<\/p>\r\n<p style=\"color: #000f2a; font-family: 'poppins-regular';\"><span style=\"color: #149dd9; font-family: 'poppins-bold'\">Nombre cient\u00edfico: <\/span>(Thunnus albacares)<\/p>\r\n<p style=\"color: #000f2a; font-family: 'poppins-regular';\"><span style=\"color: #149dd9; font-family: 'poppins-bold'\">Peso: <\/span>2\/5Kg<\/p>\r\n<p style=\"color: #000f2a; font-family: 'poppins-regular';\"><span style=\"color: #149dd9; font-family: 'poppins-bold'\">Packaging: <\/span>Vac\u00edo + caja porex + hielo<\/p>[\/et_pb_text][\/et_pb_column][\/et_pb_row][\/et_pb_section]","_et_gb_content_width":""},"_links":{"self":[{"href":"https:\/\/alfrisa.com\/fr\/wp-json\/wp\/v2\/pages\/3261"}],"collection":[{"href":"https:\/\/alfrisa.com\/fr\/wp-json\/wp\/v2\/pages"}],"about":[{"href":"https:\/\/alfrisa.com\/fr\/wp-json\/wp\/v2\/types\/page"}],"author":[{"embeddable":true,"href":"https:\/\/alfrisa.com\/fr\/wp-json\/wp\/v2\/users\/1"}],"replies":[{"embeddable":true,"href":"https:\/\/alfrisa.com\/fr\/wp-json\/wp\/v2\/comments?post=3261"}],"version-history":[{"count":5,"href":"https:\/\/alfrisa.com\/fr\/wp-json\/wp\/v2\/pages\/3261\/revisions"}],"predecessor-version":[{"id":4208,"href":"https:\/\/alfrisa.com\/fr\/wp-json\/wp\/v2\/pages\/3261\/revisions\/4208"}],"up":[{"embeddable":true,"href":"https:\/\/alfrisa.com\/fr\/wp-json\/wp\/v2\/pages\/3245"}],"wp:attachment":[{"href":"https:\/\/alfrisa.com\/fr\/wp-json\/wp\/v2\/media?parent=3261"}],"curies":[{"name":"wp","href":"https:\/\/api.w.org\/{rel}","templated":true}]}}