{"id":3762,"date":"2022-01-26T08:29:46","date_gmt":"2022-01-26T08:29:46","guid":{"rendered":"https:\/\/alfrisa.com\/?page_id=3762"},"modified":"2022-03-09T11:39:03","modified_gmt":"2022-03-09T11:39:03","slug":"durabilite","status":"publish","type":"page","link":"https:\/\/alfrisa.com\/fr\/durabilite\/","title":{"rendered":"Durabilit\u00e9"},"content":{"rendered":"<p>[et_pb_section fb_built=\u00a0\u00bb1&Prime; module_id=\u00a0\u00bbbox_sostenibilidad\u00a0\u00bb _builder_version=\u00a0\u00bb4.14.7&Prime; _module_preset=\u00a0\u00bbdefault\u00a0\u00bb custom_padding=\u00a0\u00bb||0px||false|false\u00a0\u00bb global_colors_info=\u00a0\u00bb{}\u00a0\u00bb][et_pb_row column_structure=\u00a0\u00bb1_2,1_2&Prime; module_id=\u00a0\u00bbsostenibilidad\u00a0\u00bb _builder_version=\u00a0\u00bb4.14.7&Prime; _module_preset=\u00a0\u00bbdefault\u00a0\u00bb width=\u00a0\u00bb100%\u00a0\u00bb width_tablet=\u00a0\u00bb80%\u00a0\u00bb width_phone=\u00a0\u00bb80%\u00a0\u00bb width_last_edited=\u00a0\u00bbon|desktop\u00a0\u00bb max_width=\u00a0\u00bb100%\u00a0\u00bb max_width_tablet=\u00a0\u00bb1080px\u00a0\u00bb max_width_phone=\u00a0\u00bb1080px\u00a0\u00bb max_width_last_edited=\u00a0\u00bbon|tablet\u00a0\u00bb custom_padding=\u00a0\u00bb||0px||false|false\u00a0\u00bb global_colors_info=\u00a0\u00bb{}\u00a0\u00bb][et_pb_column type=\u00a0\u00bb1_2&Prime; _builder_version=\u00a0\u00bb4.14.7&Prime; _module_preset=\u00a0\u00bbdefault\u00a0\u00bb global_colors_info=\u00a0\u00bb{}\u00a0\u00bb][et_pb_text admin_label=\u00a0\u00bbNos certificats\u00a0\u00bb _builder_version=\u00a0\u00bb4.14.7&Prime; _module_preset=\u00a0\u00bbdefault\u00a0\u00bb header_2_font_size=\u00a0\u00bb50px\u00a0\u00bb header_6_font_size=\u00a0\u00bb28px\u00a0\u00bb header_6_line_height=\u00a0\u00bb1.3em\u00a0\u00bb hover_enabled=\u00a0\u00bb0&Prime; header_2_font_size_tablet=\u00a0\u00bb40px\u00a0\u00bb header_2_font_size_phone=\u00a0\u00bb23px\u00a0\u00bb header_2_font_size_last_edited=\u00a0\u00bbon|phone\u00a0\u00bb header_6_font_size_tablet=\u00a0\u00bb24px\u00a0\u00bb header_6_font_size_phone=\u00a0\u00bb20px\u00a0\u00bb header_6_font_size_last_edited=\u00a0\u00bbon|phone\u00a0\u00bb global_colors_info=\u00a0\u00bb{}\u00a0\u00bb sticky_enabled=\u00a0\u00bb0&Prime;]<\/p>\n<h2 style=\"font-family: 'poppins-bold'; color: #000f2a; padding-bottom: 0px; text-align: right;\">Nos<\/h2>\n<h2 style=\"font-family: 'poppins-bold'; color: #000f2a; padding-bottom: 0px; text-align: right;\">certificats<\/h2>\n<p style=\"padding-bottom: 0px;\">&nbsp;<\/p>\n<p style=\"padding-bottom: 0px;\">&nbsp;<\/p>\n<h6 style=\"font-family: 'poppins-regular'; color: #000f2a; padding-bottom: 0px; text-align: right;\"><span style=\"font-family: 'poppins-bold';\">Nous garantissons<\/span> via le label<\/h6>\n<h6 style=\"font-family: 'poppins-regular'; color: #000f2a; padding-bottom: 0px; text-align: right;\"><span style=\"font-family: 'poppins-bold';\">bleu MSC<\/span> la provenance <\/h6>\n<h6 style=\"font-family: 'poppins-regular'; color: #000f2a; padding-bottom: 0px; text-align: right;\">des <span style=\"font-family: 'poppins-bold';\">p\u00eaches g\u00e8r\u00e9es de fa\u00e7on<\/span><\/h6>\n<h6 style=\"font-family: 'poppins-regular'; color: #000f2a; padding-bottom: 0px; text-align: right;\"><span style=\"font-family: 'poppins-bold';\">durable<\/span> et audit\u00e9es <\/h6>\n<h6 style=\"font-family: 'poppins-regular'; color: #000f2a; padding-bottom: 0px; text-align: right;\">chaque ann\u00e9e.<\/h6>\n<p style=\"padding-bottom: 0px;\">&nbsp;<\/p>\n<p style=\"padding-bottom: 0px;\">&nbsp;<\/p>\n<h6 style=\"font-family: 'poppins-regular'; color: #000f2a; padding-bottom: 0px; text-align: right;\">Dans le m\u00eame \u00e9tat d\u00b4esprit <\/h6>\n<h6 style=\"font-family: 'poppins-regular'; color: #000f2a; padding-bottom: 0px; text-align: right;\">nous commercialisons <span style=\"font-family: 'poppins-bold';\">avec le <\/span><\/h6>\n<h6 style=\"font-family: 'poppins-regular'; color: #000f2a; padding-bottom: 0px; text-align: right;\"><span style=\"font-family: 'poppins-bold';\">timbre ASC<\/span> des produits  <span style=\"font-family: 'poppins-bold';\">issus de fermes <\/span><\/h6>\n<h6 style=\"font-family: 'poppins-regular'; color: #000f2a; padding-bottom: 0px; text-align: right;\"><span style=\"font-family: 'poppins-bold';\">g\u00e8r\u00e9es <\/span> de fa\u00e7on responsable<\/h6>\n<h6 style=\"font-family: 'poppins-regular'; color: #000f2a; padding-bottom: 0px; text-align: right;\">udit\u00e9es chaque ann\u00e9e afin d\u00b4assurer un<\/h6>\n<h6 style=\"font-family: 'poppins-regular'; color: #000f2a; padding-bottom: 0px; text-align: right;\">contr\u00f4le sur les poissons et les algues utilis\u00e9es.<\/h6>\n<p style=\"padding-bottom: 0px;\">&nbsp;<\/p>\n<p style=\"padding-bottom: 0px;\">&nbsp;<\/p>\n<h6 style=\"font-family: 'poppins-regular'; color: #000f2a; padding-bottom: 0px; text-align: right;\">Le certificat <span style=\"font-family: 'poppins-bold';\">IFS Global Markets<\/span><\/h6>\n<h6 style=\"font-family: 'poppins-regular'; color: #000f2a; padding-bottom: 0px; text-align: right;\"><span style=\"font-family: 'poppins-bold';\">garantit<\/span> une <span style=\"font-family: 'poppins-bold';\">simplification<\/span><\/h6>\n<h6 style=\"font-family: 'poppins-regular'; color: #000f2a; padding-bottom: 0px; text-align: right;\">Le certificat <span style=\"font-family: 'poppins-bold';\"><span style=\"font-family: 'poppins-bold';\">du controle de nos<\/span><\/h6>\n<h6 style=\"font-family: 'poppins-regular'; color: #000f2a; padding-bottom: 0px; text-align: right;\"><span style=\"font-family: 'poppins-bold';\">produits<\/span>, au niveau de leur production<\/h6>\n<h6 style=\"font-family: 'poppins-regular'; color: #000f2a; padding-bottom: 0px; text-align: right;\">et standardisation offrant ainsi une<\/h6>\n<h6 style=\"font-family: 'poppins-regular'; color: #000f2a; padding-bottom: 0px; text-align: right;\">qualit\u00e9 optimale a notre clientele.<\/h6>\n<p>[\/et_pb_text][et_pb_text admin_label=\u00a0\u00bbImagen pescado\u00a0\u00bb _builder_version=\u00a0\u00bb4.14.7&Prime; _module_preset=\u00a0\u00bbdefault\u00a0\u00bb global_colors_info=\u00a0\u00bb{}\u00a0\u00bb]<\/p>\n<p><img decoding=\"async\" loading=\"lazy\" class=\"alignright wp-image-940 size-full\" src=\"https:\/\/alfrisa.com\/wp-content\/uploads\/2022\/02\/pez_4.png\" alt=\"\" width=\"480\" height=\"204\" srcset=\"https:\/\/alfrisa.com\/wp-content\/uploads\/2022\/02\/pez_4.png 480w, https:\/\/alfrisa.com\/wp-content\/uploads\/2022\/02\/pez_4-300x128.png 300w\" sizes=\"(max-width: 480px) 100vw, 480px\" \/><\/p>\n<p>[\/et_pb_text][\/et_pb_column][et_pb_column type=\u00a0\u00bb1_2&Prime; _builder_version=\u00a0\u00bb4.14.7&Prime; _module_preset=\u00a0\u00bbdefault\u00a0\u00bb global_colors_info=\u00a0\u00bb{}\u00a0\u00bb][et_pb_text admin_label=\u00a0\u00bbImagen\u00a0\u00bb _builder_version=\u00a0\u00bb4.14.7&Prime; _module_preset=\u00a0\u00bbdefault\u00a0\u00bb background_enable_image=\u00a0\u00bboff\u00a0\u00bb global_colors_info=\u00a0\u00bb{}\u00a0\u00bb]<\/p>\n<p><img decoding=\"async\" loading=\"lazy\" class=\"aligncenter wp-image-342 size-full\" src=\"https:\/\/alfrisa.com\/wp-content\/uploads\/2022\/01\/pexels-markus-spiske-246120-min-1-scaled.jpg\" alt=\"\" width=\"1707\" height=\"2560\" srcset=\"https:\/\/alfrisa.com\/wp-content\/uploads\/2022\/01\/pexels-markus-spiske-246120-min-1-scaled.jpg 1707w, https:\/\/alfrisa.com\/wp-content\/uploads\/2022\/01\/pexels-markus-spiske-246120-min-1-1280x720.jpg 1280w, https:\/\/alfrisa.com\/wp-content\/uploads\/2022\/01\/pexels-markus-spiske-246120-min-1-980x551.jpg 980w, https:\/\/alfrisa.com\/wp-content\/uploads\/2022\/01\/pexels-markus-spiske-246120-min-1-480x270.jpg 480w\" sizes=\"(min-width: 0px) and (max-width: 480px) 480px, (min-width: 481px) and (max-width: 980px) 980px, (min-width: 981px) and (max-width: 1280px) 1280px, (min-width: 1281px) 1707px, 100vw\" \/><\/p>\n<p>[\/et_pb_text][\/et_pb_column][\/et_pb_row][\/et_pb_section]<\/p>\n","protected":false},"excerpt":{"rendered":"<p>Nos certificats &nbsp; &nbsp; Nous garantissons via le label bleu MSC la provenance des p\u00eaches g\u00e8r\u00e9es de fa\u00e7on durable et audit\u00e9es chaque ann\u00e9e. &nbsp; &nbsp; Dans le m\u00eame \u00e9tat d\u00b4esprit nous commercialisons avec le timbre ASC des produits issus de fermes g\u00e8r\u00e9es de fa\u00e7on responsable udit\u00e9es chaque ann\u00e9e afin d\u00b4assurer un contr\u00f4le sur les poissons [&hellip;]<\/p>\n","protected":false},"author":1,"featured_media":0,"parent":0,"menu_order":0,"comment_status":"closed","ping_status":"closed","template":"","meta":{"_et_pb_use_builder":"on","_et_pb_old_content":"[et_pb_section fb_built=\"1\" module_id=\"box_sostenibilidad\" _builder_version=\"4.14.7\" _module_preset=\"default\" custom_padding=\"||0px||false|false\" global_colors_info=\"{}\"][et_pb_row column_structure=\"1_2,1_2\" module_id=\"sostenibilidad\" _builder_version=\"4.14.7\" _module_preset=\"default\" width=\"100%\" max_width=\"100%\" custom_padding=\"||0px||false|false\" hover_enabled=\"0\" global_colors_info=\"{}\" width_last_edited=\"on|desktop\" sticky_enabled=\"0\" max_width_last_edited=\"on|tablet\" max_width_tablet=\"1080px\" width_tablet=\"80%\" width_phone=\"80%\" max_width_phone=\"1080px\"][et_pb_column type=\"1_2\" _builder_version=\"4.14.7\" _module_preset=\"default\" global_colors_info=\"{}\"][et_pb_text admin_label=\"Nuestras Certificaciones\" _builder_version=\"4.14.7\" _module_preset=\"default\" header_2_font_size=\"50px\" header_6_font_size=\"28px\" header_6_line_height=\"1.3em\" header_2_font_size_tablet=\"40px\" header_2_font_size_phone=\"23px\" header_2_font_size_last_edited=\"on|phone\" header_6_font_size_tablet=\"24px\" header_6_font_size_phone=\"20px\" header_6_font_size_last_edited=\"on|phone\" global_colors_info=\"{}\"]<h2 style=\"font-family: 'poppins-bold'; color: #000f2a; padding-bottom: 0px; text-align: right;\">Nuestras<\/h2>\r\n<h2 style=\"font-family: 'poppins-bold'; color: #000f2a; padding-bottom: 0px; text-align: right;\">certificaciones<\/h2>\r\n<p style=\"padding-bottom: 0px;\">\u00a0<\/p>\r\n<p style=\"padding-bottom: 0px;\">\u00a0<\/p>\r\n<h6 style=\"font-family: 'poppins-regular'; color: #000f2a; padding-bottom: 0px; text-align: right;\"><span style=\"font-family: 'poppins-bold';\">Garantizamos<\/span> los productos<\/h6>\r\n<h6 style=\"font-family: 'poppins-regular'; color: #000f2a; padding-bottom: 0px; text-align: right;\">con <span style=\"font-family: 'poppins-bold';\">sello azul de MSC<\/span> proceden<\/h6>\r\n<h6 style=\"font-family: 'poppins-regular'; color: #000f2a; padding-bottom: 0px; text-align: right;\">de <span style=\"font-family: 'poppins-bold';\">pesquer\u00edas gestionadas <\/span><\/h6>\r\n<h6 style=\"font-family: 'poppins-regular'; color: #000f2a; padding-bottom: 0px; text-align: right;\"><span style=\"font-family: 'poppins-bold';\">sosteniblemente<\/span> y auditadas<\/h6>\r\n<h6 style=\"font-family: 'poppins-regular'; color: #000f2a; padding-bottom: 0px; text-align: right;\">anualmente.<\/h6>\r\n<p style=\"padding-bottom: 0px;\">\u00a0<\/p>\r\n<p style=\"padding-bottom: 0px;\">\u00a0<\/p>\r\n<h6 style=\"font-family: 'poppins-regular'; color: #000f2a; padding-bottom: 0px; text-align: right;\">De igual forma los productos<\/h6>\r\n<h6 style=\"font-family: 'poppins-regular'; color: #000f2a; padding-bottom: 0px; text-align: right;\">lanzados al mercado con el <span style=\"font-family: 'poppins-bold';\">sello<\/span><\/h6>\r\n<h6 style=\"font-family: 'poppins-regular'; color: #000f2a; padding-bottom: 0px; text-align: right;\"><span style=\"font-family: 'poppins-bold';\">de ASC<\/span> proceden de <span style=\"font-family: 'poppins-bold';\">granjas<\/span><\/h6>\r\n<h6 style=\"font-family: 'poppins-regular'; color: #000f2a; padding-bottom: 0px; text-align: right;\"><span style=\"font-family: 'poppins-bold';\">gestionadas<\/span> responsablemente<\/h6>\r\n<h6 style=\"font-family: 'poppins-regular'; color: #000f2a; padding-bottom: 0px; text-align: right;\">auditadas anualmente tanto en<\/h6>\r\n<h6 style=\"font-family: 'poppins-regular'; color: #000f2a; padding-bottom: 0px; text-align: right;\">producci\u00f3n animal como en algas.<\/h6>\r\n<p style=\"padding-bottom: 0px;\">\u00a0<\/p>\r\n<p style=\"padding-bottom: 0px;\">\u00a0<\/p>\r\n<h6 style=\"font-family: 'poppins-regular'; color: #000f2a; padding-bottom: 0px; text-align: right;\">La certificaci\u00f3n <span style=\"font-family: 'poppins-bold';\">IFS Global Markets<\/span><\/h6>\r\n<h6 style=\"font-family: 'poppins-regular'; color: #000f2a; padding-bottom: 0px; text-align: right;\"><span style=\"font-family: 'poppins-bold';\">Food, garantiza<\/span> la <span style=\"font-family: 'poppins-bold';\">seguridad<\/span><\/h6>\r\n<h6 style=\"font-family: 'poppins-regular'; color: #000f2a; padding-bottom: 0px; text-align: right;\">La certificaci\u00f3n <span style=\"font-family: 'poppins-bold';\"><span style=\"font-family: 'poppins-bold';\">alimentaria de nuestra<\/span><\/h6>\r\n<h6 style=\"font-family: 'poppins-regular'; color: #000f2a; padding-bottom: 0px; text-align: right;\"><span style=\"font-family: 'poppins-bold';\">producci\u00f3n<\/span>, facilitando la<\/h6>\r\n<h6 style=\"font-family: 'poppins-regular'; color: #000f2a; padding-bottom: 0px; text-align: right;\">verificaci\u00f3n de los est\u00e1ndares<\/h6>\r\n<h6 style=\"font-family: 'poppins-regular'; color: #000f2a; padding-bottom: 0px; text-align: right;\">de calidad a nuestros clientes.<\/h6>[\/et_pb_text][et_pb_text admin_label=\"Imagen pescado\" _builder_version=\"4.14.7\" _module_preset=\"default\" global_colors_info=\"{}\"]<p><img class=\"alignright wp-image-940 size-full\" src=\"https:\/\/alfrisa.com\/wp-content\/uploads\/2022\/02\/pez_4.png\" alt=\"\" width=\"480\" height=\"204\" \/><\/p>[\/et_pb_text][\/et_pb_column][et_pb_column type=\"1_2\" _builder_version=\"4.14.7\" _module_preset=\"default\" global_colors_info=\"{}\"][et_pb_text admin_label=\"Imagen\" _builder_version=\"4.14.7\" _module_preset=\"default\" background_enable_image=\"off\" global_colors_info=\"{}\"]<p><img class=\"aligncenter wp-image-342 size-full\" src=\"https:\/\/alfrisa.com\/wp-content\/uploads\/2022\/01\/pexels-markus-spiske-246120-min-1-scaled.jpg\" alt=\"\" width=\"1707\" height=\"2560\" \/><\/p>[\/et_pb_text][\/et_pb_column][\/et_pb_row][\/et_pb_section]","_et_gb_content_width":""},"_links":{"self":[{"href":"https:\/\/alfrisa.com\/fr\/wp-json\/wp\/v2\/pages\/3762"}],"collection":[{"href":"https:\/\/alfrisa.com\/fr\/wp-json\/wp\/v2\/pages"}],"about":[{"href":"https:\/\/alfrisa.com\/fr\/wp-json\/wp\/v2\/types\/page"}],"author":[{"embeddable":true,"href":"https:\/\/alfrisa.com\/fr\/wp-json\/wp\/v2\/users\/1"}],"replies":[{"embeddable":true,"href":"https:\/\/alfrisa.com\/fr\/wp-json\/wp\/v2\/comments?post=3762"}],"version-history":[{"count":4,"href":"https:\/\/alfrisa.com\/fr\/wp-json\/wp\/v2\/pages\/3762\/revisions"}],"predecessor-version":[{"id":3770,"href":"https:\/\/alfrisa.com\/fr\/wp-json\/wp\/v2\/pages\/3762\/revisions\/3770"}],"wp:attachment":[{"href":"https:\/\/alfrisa.com\/fr\/wp-json\/wp\/v2\/media?parent=3762"}],"curies":[{"name":"wp","href":"https:\/\/api.w.org\/{rel}","templated":true}]}}