{"id":3544,"date":"2022-02-03T10:44:22","date_gmt":"2022-02-03T10:44:22","guid":{"rendered":"https:\/\/alfrisa.com\/?page_id=3544"},"modified":"2023-03-10T07:38:12","modified_gmt":"2023-03-10T07:38:12","slug":"importazione","status":"publish","type":"page","link":"https:\/\/alfrisa.com\/it\/importazione\/","title":{"rendered":"Prodotti Importazione"},"content":{"rendered":"<p>[et_pb_section fb_built=&#8221;1&#8243; module_id=&#8221;caja_materia_prima&#8221; _builder_version=&#8221;4.14.7&#8243; _module_preset=&#8221;default&#8221; background_image=&#8221;https:\/\/alfrisa.com\/wp-content\/uploads\/2022\/02\/pexels-gonzalo-mendiola-9241606_1-scaled.jpg&#8221; min_height=&#8221;800px&#8221; min_height_tablet=&#8221;650px&#8221; min_height_phone=&#8221;500px&#8221; min_height_last_edited=&#8221;on|desktop&#8221; custom_padding=&#8221;0px||0px||false|false&#8221; custom_css_main_element=&#8221;display: flex;&#8221; global_colors_info=&#8221;{}&#8221;][et_pb_row _builder_version=&#8221;4.14.7&#8243; _module_preset=&#8221;default&#8221; width=&#8221;100%&#8221; max_width=&#8221;100%&#8221; custom_padding=&#8221;0px||0px||false|false&#8221; global_colors_info=&#8221;{}&#8221;][et_pb_column type=&#8221;4_4&#8243; _builder_version=&#8221;4.14.7&#8243; _module_preset=&#8221;default&#8221; global_colors_info=&#8221;{}&#8221;][et_pb_text admin_label=&#8221;Materia prima&#8221; _builder_version=&#8221;4.14.7&#8243; _module_preset=&#8221;default&#8221; header_2_font_size=&#8221;40px&#8221; header_6_font_size=&#8221;28px&#8221; header_2_font_size_tablet=&#8221;30px&#8221; header_2_font_size_phone=&#8221;25px&#8221; header_2_font_size_last_edited=&#8221;on|phone&#8221; header_6_font_size_tablet=&#8221;24px&#8221; header_6_font_size_phone=&#8221;20px&#8221; header_6_font_size_last_edited=&#8221;on|phone&#8221; global_colors_info=&#8221;{}&#8221;]<\/p>\n<h2 style=\"font-family: 'poppins-regular'; color: #fff; text-align: center;\">Materie prime <span style=\"font-family: 'poppins-bold';\">di qualit\u00e0<\/span> | <span style=\"font-family: 'poppins-bold';\">Innovazione<\/span> nei processi e nei formati<\/h2>\n<h2 style=\"font-family: 'poppins-regular'; color: #fff; text-align: center;\">Impegno per la <span style=\"font-family: 'poppins-bold';\">sostenibilit\u00e0 qualit\u00e0 ai nostri clienti<\/span><\/h2>\n<p>[\/et_pb_text][\/et_pb_column][\/et_pb_row][\/et_pb_section][et_pb_section fb_built=&#8221;1&#8243; _builder_version=&#8221;4.14.7&#8243; _module_preset=&#8221;default&#8221; global_colors_info=&#8221;{}&#8221;][et_pb_row _builder_version=&#8221;4.14.7&#8243; _module_preset=&#8221;default&#8221; width=&#8221;100%&#8221; max_width=&#8221;100%&#8221; custom_padding=&#8221;0px||0px||false|false&#8221; global_colors_info=&#8221;{}&#8221;][et_pb_column type=&#8221;4_4&#8243; _builder_version=&#8221;4.14.7&#8243; _module_preset=&#8221;default&#8221; global_colors_info=&#8221;{}&#8221;][et_pb_text admin_label=&#8221;LISTADO CON LOS PRODUCTOS (MEN\u00da)&#8221; _builder_version=&#8221;4.14.7&#8243; _module_preset=&#8221;default&#8221; header_4_font_size=&#8221;28px&#8221; header_4_font_size_tablet=&#8221;24px&#8221; header_4_font_size_phone=&#8221;20px&#8221; header_4_font_size_last_edited=&#8221;on|phone&#8221; global_colors_info=&#8221;{}&#8221;]<\/p>\n<h4 style=\"font-family: 'poppins-regular'; color: #000f2a; text-align: center;\"><a style=\"color: #000f2a;\" href=\"https:\/\/alfrisa.com\/it\/tonno\/\">TONNO<\/a> | <a style=\"color: #000f2a;\" href=\"https:\/\/alfrisa.com\/it\/merluzzo-nordico\/\">MERLUZZO NORDICO<\/a> | <a style=\"color: #000f2a;\" href=\"https:\/\/alfrisa.com\/it\/merluzzo-hubbsi\/\">MERLUZZO HUBBSI<\/a> | <a style=\"color: #000f2a;\" href=\"https:\/\/alfrisa.com\/it\/pesce-spada\/\">PESCE SPADA<\/a> | <a style=\"color: #000f2a;\" href=\"https:\/\/alfrisa.com\/it\/salmone\/\">SALMONE SALAR<\/a> | <a style=\"color: #000f2a;\" href=\"https:\/\/alfrisa.com\/it\/mollame\/\">MOLLAME<\/a> | <span style=\"font-family: 'poppins-bold';\"><a style=\"color: #000f2a;\" href=\"https:\/\/alfrisa.com\/it\/importazione\/\">IMPORTAZIONE<\/a><\/span><\/h4>\n<h4 style=\"font-family: 'poppins-regular'; color: #000f2a; text-align: center;\"><a style=\"color: #000f2a;\" href=\"https:\/\/alfrisa.com\/it\/retail\/\">RETAIL<\/a> | <a style=\"color: #000f2a;\" href=\"https:\/\/alfrisa.com\/it\/refrigerato\/\">REFRIGERATO<\/a> <!--| <a style=\"color: #000f2a;\" href=\"https:\/\/alfrisa.com\/it\/semiconserva\/\">SEMICONSERVA<\/a>--><!-- | <a style=\"color: #000f2a;\" href=\"https:\/\/alfrisa.com\/it\/map\/\">MAP<\/a><\/h4>\n\n-->[\/et_pb_text][\/et_pb_column][\/et_pb_row][\/et_pb_section][et_pb_section fb_built=&#8221;1&#8243; module_id=&#8221;caja de atunes&#8221; _builder_version=&#8221;4.14.7&#8243; _module_preset=&#8221;default&#8221; custom_padding=&#8221;0px||0px||false|false&#8221; global_colors_info=&#8221;{}&#8221;][et_pb_row column_structure=&#8221;1_3,1_3,1_3&#8243; _builder_version=&#8221;4.14.7&#8243; _module_preset=&#8221;default&#8221; width=&#8221;70%&#8221; max_width=&#8221;100%&#8221; custom_padding=&#8221;||0px||false|false&#8221; global_colors_info=&#8221;{}&#8221;][et_pb_column type=&#8221;1_3&#8243; _builder_version=&#8221;4.14.7&#8243; _module_preset=&#8221;default&#8221; global_colors_info=&#8221;{}&#8221;][et_pb_text admin_label=&#8221;CODE ROSPO CINA&#8221; _builder_version=&#8221;4.14.7&#8243; _module_preset=&#8221;default&#8221; header_4_font_size=&#8221;20px&#8221; header_4_font_size_tablet=&#8221;&#8221; header_4_font_size_phone=&#8221;&#8221; header_4_font_size_last_edited=&#8221;on|desktop&#8221; global_colors_info=&#8221;{}&#8221;]<a href=\"https:\/\/alfrisa.com\/it\/importazione\/code-rospo-cina\/\"><\/p>\n<h4 class=\"size_import\" style=\"font-family: 'poppins-bold'; color: #000f2a; text-align: center; padding-bottom: 0px;\">CODE ROSPO CINA<\/h4>\n<hr class=\"hr_import\" style=\"border: 1px solid #000f2a;\">\n<p style=\"font-family: 'poppins-regular'; color: #000f2a; text-align: center; padding-bottom: 0px;\">(Lophius litulon)<\/p>\n<p style=\"text-align: center;\"><img decoding=\"async\" src=\"https:\/\/alfrisa.com\/wp-content\/uploads\/2022\/02\/boton_mas_blanco.jpg\"><\/p>\n<p><img decoding=\"async\" loading=\"lazy\" class=\"aligncenter wp-image-524 size-full\" src=\"https:\/\/alfrisa.com\/wp-content\/uploads\/2022\/02\/cola-de-rape-chino.jpg\" alt=\"\" width=\"696\" height=\"491\" \/><br \/>\n<\/a>[\/et_pb_text][\/et_pb_column][et_pb_column type=&#8221;1_3&#8243; _builder_version=&#8221;4.14.7&#8243; _module_preset=&#8221;default&#8221; global_colors_info=&#8221;{}&#8221;][et_pb_text admin_label=&#8221;CALAMARIO INDIA BQ IQF&#8221; _builder_version=&#8221;4.14.7&#8243; _module_preset=&#8221;default&#8221; header_4_font_size=&#8221;20px&#8221; hover_enabled=&#8221;0&#8243; header_4_font_size_tablet=&#8221;&#8221; header_4_font_size_phone=&#8221;&#8221; header_4_font_size_last_edited=&#8221;on|desktop&#8221; global_colors_info=&#8221;{}&#8221; sticky_enabled=&#8221;0&#8243;]<a href=\"https:\/\/alfrisa.com\/it\/importazione\/calamario-india-bq-iqf\/\"><\/p>\n<h4 class=\"size_import\" style=\"font-family: 'poppins-bold'; color: #000f2a; text-align: center; padding-bottom: 0px;\">CALAMARIO INDIA BQ IQF<\/h4>\n<hr class=\"hr_import\" style=\"border: 1px solid #000f2a;\">\n<p style=\"font-family: 'poppins-regular'; color: #000f2a; text-align: center; padding-bottom: 0px;\">(Loligo spp.)<\/p>\n<p style=\"text-align: center;\"><img decoding=\"async\" src=\"https:\/\/alfrisa.com\/wp-content\/uploads\/2022\/02\/boton_mas_blanco.jpg\"><\/p>\n<p><img decoding=\"async\" loading=\"lazy\" class=\"aligncenter wp-image-524 size-full\" src=\"https:\/\/alfrisa.com\/wp-content\/uploads\/2022\/02\/calamar-entero.png\" alt=\"\" width=\"696\" height=\"491\" \/><br \/>\n<\/a>[\/et_pb_text][\/et_pb_column][et_pb_column type=&#8221;1_3&#8243; _builder_version=&#8221;4.14.7&#8243; _module_preset=&#8221;default&#8221; global_colors_info=&#8221;{}&#8221;][et_pb_text admin_label=&#8221;MERLUZZO HUBBSI&#8221; _builder_version=&#8221;4.14.7&#8243; _module_preset=&#8221;default&#8221; header_4_font_size=&#8221;20px&#8221; header_4_font_size_tablet=&#8221;&#8221; header_4_font_size_phone=&#8221;&#8221; header_4_font_size_last_edited=&#8221;on|desktop&#8221; global_colors_info=&#8221;{}&#8221;]<a href=\"https:\/\/alfrisa.com\/it\/importazione\/merluzzo-hubbsi\/\"><\/p>\n<h4 class=\"size_import\" style=\"font-family: 'poppins-bold'; color: #000f2a; text-align: center; padding-bottom: 0px;\">MERLUZZO HUBBSI<\/h4>\n<hr class=\"hr_import\" style=\"border: 1px solid #000f2a;\">\n<p style=\"font-family: 'poppins-regular'; color: #000f2a; text-align: center; padding-bottom: 0px;\">(Merlucius hubbsi)<\/p>\n<p style=\"text-align: center;\"><img decoding=\"async\" src=\"https:\/\/alfrisa.com\/wp-content\/uploads\/2022\/02\/boton_mas_blanco.jpg\"><\/p>\n<p><img decoding=\"async\" loading=\"lazy\" class=\"aligncenter wp-image-524 size-full\" src=\"https:\/\/alfrisa.com\/wp-content\/uploads\/2022\/02\/Merluza-hubbsi.jpg\" alt=\"\" width=\"696\" height=\"491\" \/><br \/>\n<\/a>[\/et_pb_text][\/et_pb_column][\/et_pb_row][et_pb_row column_structure=&#8221;1_3,1_3,1_3&#8243; _builder_version=&#8221;4.14.7&#8243; _module_preset=&#8221;default&#8221; width=&#8221;70%&#8221; max_width=&#8221;100%&#8221; custom_padding=&#8221;||0px||false|false&#8221; global_colors_info=&#8221;{}&#8221;][et_pb_column type=&#8221;1_3&#8243; _builder_version=&#8221;4.14.7&#8243; _module_preset=&#8221;default&#8221; global_colors_info=&#8221;{}&#8221;][et_pb_text admin_label=&#8221;CALAMARO PULITO INDIA IFQ&#8221; _builder_version=&#8221;4.14.7&#8243; _module_preset=&#8221;default&#8221; header_4_font_size=&#8221;20px&#8221; header_4_font_size_tablet=&#8221;&#8221; header_4_font_size_phone=&#8221;&#8221; header_4_font_size_last_edited=&#8221;on|desktop&#8221; global_colors_info=&#8221;{}&#8221;]<a href=\"https:\/\/alfrisa.com\/it\/importazione\/calamaro-pulito-india-iqf\/\"><\/p>\n<h4 class=\"size_import\" style=\"font-family: 'poppins-bold'; color: #000f2a; text-align: center; padding-bottom: 0px;\">CALAMARO PULITO INDIA IFQ<\/h4>\n<h4 class=\"size_import\" style=\"font-family: 'poppins-bold'; color: #000f2a; text-align: center; padding-bottom: 0px;\">BLOQUE IQF<\/h4>\n<hr class=\"hr_import\" style=\"border: 1px solid #000f2a;\">\n<p style=\"font-family: 'poppins-regular'; color: #000f2a; text-align: center; padding-bottom: 0px;\">(Loligo spp.)<\/p>\n<p style=\"text-align: center;\"><img decoding=\"async\" src=\"https:\/\/alfrisa.com\/wp-content\/uploads\/2022\/02\/boton_mas_blanco.jpg\"><\/p>\n<p><img decoding=\"async\" loading=\"lazy\" class=\"aligncenter wp-image-524 size-full\" src=\"https:\/\/alfrisa.com\/wp-content\/uploads\/2022\/02\/calamar-limpio-indio.jpg\" alt=\"\" width=\"696\" height=\"491\" \/><br \/>\n<\/a>[\/et_pb_text][\/et_pb_column][et_pb_column type=&#8221;1_3&#8243; _builder_version=&#8221;4.14.7&#8243; _module_preset=&#8221;default&#8221; global_colors_info=&#8221;{}&#8221;][et_pb_text admin_label=&#8221;TUBO E ANELLI TOTANO GIGANTE DEL PACIFICO&#8221; _builder_version=&#8221;4.14.7&#8243; _module_preset=&#8221;default&#8221; header_4_font_size=&#8221;20px&#8221; header_4_font_size_tablet=&#8221;&#8221; header_4_font_size_phone=&#8221;&#8221; header_4_font_size_last_edited=&#8221;on|desktop&#8221; global_colors_info=&#8221;{}&#8221;]<a href=\"https:\/\/alfrisa.com\/it\/importazione\/tubo-e-anelli-totano-gigante-del-pacifico\/\"><\/p>\n<h4 class=\"size_import\" style=\"font-family: 'poppins-bold'; color: #000f2a; text-align: center; padding-bottom: 0px;\">TUBO E ANELLI<\/h4>\n<h4 class=\"size_import\" style=\"font-family: 'poppins-bold'; color: #000f2a; text-align: center; padding-bottom: 0px;\">TOTANO GIGANTE DEL PACIFICO<\/h4>\n<hr class=\"hr_import\" style=\"border: 1px solid #000f2a;\">\n<p style=\"font-family: 'poppins-regular'; color: #000f2a; text-align: center; padding-bottom: 0px;\">(Illex argentinus)<\/p>\n<p style=\"text-align: center;\"><img decoding=\"async\" src=\"https:\/\/alfrisa.com\/wp-content\/uploads\/2022\/02\/boton_mas_blanco.jpg\"><\/p>\n<p><img decoding=\"async\" loading=\"lazy\" class=\"aligncenter wp-image-524 size-full\" src=\"https:\/\/alfrisa.com\/wp-content\/uploads\/2022\/02\/Tubo-y-anilla-de-calamar-1.png\" alt=\"\" width=\"696\" height=\"491\" \/><br \/>\n<\/a>[\/et_pb_text][\/et_pb_column][et_pb_column type=&#8221;1_3&#8243; _builder_version=&#8221;4.14.7&#8243; _module_preset=&#8221;default&#8221; global_colors_info=&#8221;{}&#8221;][et_pb_text admin_label=&#8221;GAMBA PELADA&#8221; _builder_version=&#8221;4.14.7&#8243; _module_preset=&#8221;default&#8221; header_4_font_size=&#8221;20px&#8221; header_4_font_size_tablet=&#8221;&#8221; header_4_font_size_phone=&#8221;&#8221; header_4_font_size_last_edited=&#8221;on|desktop&#8221; global_colors_info=&#8221;{}&#8221;]<a href=\"https:\/\/alfrisa.com\/it\/importazione\/gambero-rosso-indo\/\"><\/p>\n<h4 class=\"size_import\" style=\"font-family: 'poppins-bold'; color: #000f2a; text-align: center; padding-bottom: 0px;\">GAMBERO ROSSO INDO<\/h4>\n<hr class=\"hr_import\" style=\"border: 1px solid #000f2a;\">\n<p style=\"font-family: 'poppins-regular'; color: #000f2a; text-align: center; padding-bottom: 0px;\">(Solenocera melanthoh)<\/p>\n<p style=\"text-align: center;\"><img decoding=\"async\" src=\"https:\/\/alfrisa.com\/wp-content\/uploads\/2022\/02\/boton_mas_blanco.jpg\"><\/p>\n<p><img decoding=\"async\" loading=\"lazy\" class=\"aligncenter wp-image-524 size-full\" src=\"https:\/\/alfrisa.com\/wp-content\/uploads\/2022\/02\/gamba-pelada.jpg\" alt=\"\" width=\"696\" height=\"491\" \/><br \/>\n<\/a>[\/et_pb_text][\/et_pb_column][\/et_pb_row][\/et_pb_section]<\/p>\n","protected":false},"excerpt":{"rendered":"<p>Materie prime di qualit\u00e0 | Innovazione nei processi e nei formati Impegno per la sostenibilit\u00e0 qualit\u00e0 ai nostri clientiTONNO | MERLUZZO NORDICO | MERLUZZO HUBBSI | PESCE SPADA | SALMONE SALAR | MOLLAME | IMPORTAZIONE RETAIL | REFRIGERATO CODE ROSPO CINA (Lophius litulon) CALAMARIO INDIA BQ IQF (Loligo spp.) MERLUZZO HUBBSI (Merlucius hubbsi) CALAMARO PULITO [&hellip;]<\/p>\n","protected":false},"author":1,"featured_media":0,"parent":0,"menu_order":0,"comment_status":"closed","ping_status":"closed","template":"","meta":{"_et_pb_use_builder":"on","_et_pb_old_content":"[et_pb_section fb_built=\"1\" module_id=\"caja_materia_prima\" _builder_version=\"4.14.7\" _module_preset=\"default\" background_image=\"https:\/\/alfrisa.com\/wp-content\/uploads\/2022\/02\/pexels-gonzalo-mendiola-9241606_1-scaled.jpg\" min_height=\"800px\" min_height_tablet=\"650px\" min_height_phone=\"500px\" min_height_last_edited=\"on|desktop\" custom_padding=\"0px||0px||false|false\" custom_css_main_element=\"display: flex;\" global_colors_info=\"{}\"][et_pb_row _builder_version=\"4.14.7\" _module_preset=\"default\" width=\"100%\" max_width=\"100%\" custom_padding=\"0px||0px||false|false\" global_colors_info=\"{}\"][et_pb_column type=\"4_4\" _builder_version=\"4.14.7\" _module_preset=\"default\" global_colors_info=\"{}\"][et_pb_text admin_label=\"Materia prima\" _builder_version=\"4.14.7\" _module_preset=\"default\" header_2_font_size=\"40px\" header_6_font_size=\"28px\" header_2_font_size_tablet=\"30px\" header_2_font_size_phone=\"25px\" header_2_font_size_last_edited=\"on|phone\" header_6_font_size_tablet=\"24px\" header_6_font_size_phone=\"20px\" header_6_font_size_last_edited=\"on|phone\" global_colors_info=\"{}\"]<h2 style=\"font-family: 'poppins-regular'; color: #fff; text-align: center;\">Materia prima <span style=\"font-family: 'poppins-bold';\">de calidad<\/span> | <span style=\"font-family: 'poppins-bold';\">Innovaci\u00f3n<\/span> en los proyectos y formatos<\/h2>\r\n<h2 style=\"font-family: 'poppins-regular'; color: #fff; text-align: center;\">Compromiso con la <span style=\"font-family: 'poppins-bold';\">sostenibilidad<\/span><\/h2>[\/et_pb_text][\/et_pb_column][\/et_pb_row][\/et_pb_section][et_pb_section fb_built=\"1\" _builder_version=\"4.14.7\" _module_preset=\"default\" global_colors_info=\"{}\"][et_pb_row _builder_version=\"4.14.7\" _module_preset=\"default\" width=\"100%\" max_width=\"100%\" custom_padding=\"0px||0px||false|false\" global_colors_info=\"{}\"][et_pb_column type=\"4_4\" _builder_version=\"4.14.7\" _module_preset=\"default\" global_colors_info=\"{}\"][et_pb_text admin_label=\"LISTADO CON LOS PRODUCTOS (MEN\u00da)\" _builder_version=\"4.14.7\" _module_preset=\"default\" header_4_font_size=\"28px\" header_4_font_size_tablet=\"24px\" header_4_font_size_phone=\"20px\" header_4_font_size_last_edited=\"on|phone\" global_colors_info=\"{}\"]<h4 style=\"font-family: 'poppins-regular'; color: #000f2a; text-align: center;\"><a style=\"color: #000f2a;\" href=\"https:\/\/alfrisa.com\/atun\/\">AT\u00daN<\/a> | <a style=\"color: #000f2a;\" href=\"https:\/\/alfrisa.com\/bacalao\/\">BACALAO<\/a> | <a style=\"color: #000f2a;\" href=\"https:\/\/alfrisa.com\/merluza\/\">MERLUZA<\/a> | <a style=\"color: #000f2a;\" href=\"https:\/\/alfrisa.com\/emperador\/\">EMPERADOR<\/a> | <a style=\"color: #000f2a;\" href=\"https:\/\/alfrisa.com\/salmon\/\">SALM\u00d3N<\/a> | <a style=\"color: #000f2a;\" href=\"https:\/\/alfrisa.com\/cefalopodos\/\">CEFAL\u00d3PODOS<\/a> | <span style=\"font-family: 'poppins-bold';\"><a style=\"color: #000f2a;\" href=\"https:\/\/alfrisa.com\/import\/\">IMPORT<\/a><\/span><\/h4>\r\n<h4 style=\"font-family: 'poppins-regular'; color: #000f2a; text-align: center;\"><a style=\"color: #000f2a;\" href=\"https:\/\/alfrisa.com\/retail\/\">RETAIL<\/a> | <a style=\"color: #000f2a;\" href=\"https:\/\/alfrisa.com\/refrigerado\/\">REFRIGERADO<\/a> | <a style=\"color: #000f2a;\" href=\"https:\/\/alfrisa.com\/semiconserva\/\">SEMICONSERVA<\/a> | <a style=\"color: #000f2a;\" href=\"https:\/\/alfrisa.com\/map\/\">MAP<\/a><\/h4>[\/et_pb_text][\/et_pb_column][\/et_pb_row][\/et_pb_section][et_pb_section fb_built=\"1\" module_id=\"caja de atunes\" _builder_version=\"4.14.7\" _module_preset=\"default\" custom_padding=\"0px||0px||false|false\" global_colors_info=\"{}\"][et_pb_row column_structure=\"1_3,1_3,1_3\" _builder_version=\"4.14.7\" _module_preset=\"default\" width=\"70%\" max_width=\"100%\" custom_padding=\"||0px||false|false\" global_colors_info=\"{}\"][et_pb_column type=\"1_3\" _builder_version=\"4.14.7\" _module_preset=\"default\" global_colors_info=\"{}\"][et_pb_text admin_label=\"COLA DE RAPE CHINO\" _builder_version=\"4.14.7\" _module_preset=\"default\" header_4_font_size=\"20px\" hover_enabled=\"0\" header_4_font_size_tablet=\"\" header_4_font_size_phone=\"\" header_4_font_size_last_edited=\"on|desktop\" global_colors_info=\"{}\" sticky_enabled=\"0\"]<a href=\"https:\/\/alfrisa.com\/import\/cola-de-rape-chino\/\">\r\n<h4 class=\"size_import\" style=\"font-family: 'poppins-bold'; color: #000f2a; text-align: center; padding-bottom: 0px;\">COLA DE RAPE CHINO<\/h4>\r\n<hr class=\"hr_import\" style=\"border: 1px solid #000f2a;\">\r\n<p style=\"font-family: 'poppins-regular'; color: #000f2a; text-align: center; padding-bottom: 0px;\">(Lophius litulon)<\/p>\r\n<p style=\"text-align: center;\"><img src=\"https:\/\/alfrisa.com\/wp-content\/uploads\/2022\/02\/boton_mas_blanco.jpg\"><\/p>\r\n<img class=\"aligncenter wp-image-524 size-full\" src=\"https:\/\/alfrisa.com\/wp-content\/uploads\/2022\/02\/cola-de-rape-chino.jpg\" alt=\"\" width=\"696\" height=\"491\" \/>\r\n<\/a>[\/et_pb_text][\/et_pb_column][et_pb_column type=\"1_3\" _builder_version=\"4.14.7\" _module_preset=\"default\" global_colors_info=\"{}\"][et_pb_text admin_label=\"CALAMAR SUCIO\" _builder_version=\"4.14.7\" _module_preset=\"default\" header_4_font_size=\"20px\" hover_enabled=\"0\" header_4_font_size_tablet=\"\" header_4_font_size_phone=\"\" header_4_font_size_last_edited=\"on|desktop\" global_colors_info=\"{}\" sticky_enabled=\"0\"]<a href=\"https:\/\/alfrisa.com\/import\/calamar-sucio\/\">\r\n<h4 class=\"size_import\" style=\"font-family: 'poppins-bold'; color: #000f2a; text-align: center; padding-bottom: 0px;\">CALAMAR SUCIO<\/h4>\r\n<hr class=\"hr_import\" style=\"border: 1px solid #000f2a;\">\r\n<p style=\"font-family: 'poppins-regular'; color: #000f2a; text-align: center; padding-bottom: 0px;\">(Loligo spp.)<\/p>\r\n<p style=\"text-align: center;\"><img src=\"https:\/\/alfrisa.com\/wp-content\/uploads\/2022\/02\/boton_mas_blanco.jpg\"><\/p>\r\n<img class=\"aligncenter wp-image-524 size-full\" src=\"https:\/\/alfrisa.com\/wp-content\/uploads\/2022\/02\/calamar-entero.png\" alt=\"\" width=\"696\" height=\"491\" \/>\r\n<\/a>[\/et_pb_text][\/et_pb_column][et_pb_column type=\"1_3\" _builder_version=\"4.14.7\" _module_preset=\"default\" global_colors_info=\"{}\"][et_pb_text admin_label=\"MERLUZA HUBBSI\" _builder_version=\"4.14.7\" _module_preset=\"default\" header_4_font_size=\"20px\" hover_enabled=\"0\" header_4_font_size_tablet=\"\" header_4_font_size_phone=\"\" header_4_font_size_last_edited=\"on|desktop\" global_colors_info=\"{}\" sticky_enabled=\"0\"]<a href=\"https:\/\/alfrisa.com\/import\/merluza-hubbsi\/\">\r\n<h4 class=\"size_import\" style=\"font-family: 'poppins-bold'; color: #000f2a; text-align: center; padding-bottom: 0px;\">MERLUZA HUBBSI<\/h4>\r\n<hr class=\"hr_import\" style=\"border: 1px solid #000f2a;\">\r\n<p style=\"font-family: 'poppins-regular'; color: #000f2a; text-align: center; padding-bottom: 0px;\">(Merlucius hubbsi)<\/p>\r\n<p style=\"text-align: center;\"><img src=\"https:\/\/alfrisa.com\/wp-content\/uploads\/2022\/02\/boton_mas_blanco.jpg\"><\/p>\r\n<img class=\"aligncenter wp-image-524 size-full\" src=\"https:\/\/alfrisa.com\/wp-content\/uploads\/2022\/02\/Merluza-hubbsi.jpg\" alt=\"\" width=\"696\" height=\"491\" \/>\r\n<\/a>[\/et_pb_text][\/et_pb_column][\/et_pb_row][et_pb_row column_structure=\"1_3,1_3,1_3\" _builder_version=\"4.14.7\" _module_preset=\"default\" width=\"70%\" max_width=\"100%\" custom_padding=\"||0px||false|false\" global_colors_info=\"{}\"][et_pb_column type=\"1_3\" _builder_version=\"4.14.7\" _module_preset=\"default\" global_colors_info=\"{}\"][et_pb_text admin_label=\"CALAMAR LIMPIO INDIO\" _builder_version=\"4.14.7\" _module_preset=\"default\" header_4_font_size=\"20px\" hover_enabled=\"0\" header_4_font_size_tablet=\"\" header_4_font_size_phone=\"\" header_4_font_size_last_edited=\"on|desktop\" global_colors_info=\"{}\" sticky_enabled=\"0\"]<a href=\"https:\/\/alfrisa.com\/import\/calamar-limpio-inidio\/\">\r\n<h4 class=\"size_import\" style=\"font-family: 'poppins-bold'; color: #000f2a; text-align: center; padding-bottom: 0px;\">CALAMAR LIMPIO INDIO<\/h4>\r\n<h4 class=\"size_import\" style=\"font-family: 'poppins-bold'; color: #000f2a; text-align: center; padding-bottom: 0px;\">BLOQUE IQF<\/h4>\r\n<hr class=\"hr_import\" style=\"border: 1px solid #000f2a;\">\r\n<p style=\"font-family: 'poppins-regular'; color: #000f2a; text-align: center; padding-bottom: 0px;\">(Loligo spp.)<\/p>\r\n<p style=\"text-align: center;\"><img src=\"https:\/\/alfrisa.com\/wp-content\/uploads\/2022\/02\/boton_mas_blanco.jpg\"><\/p>\r\n<img class=\"aligncenter wp-image-524 size-full\" src=\"https:\/\/alfrisa.com\/wp-content\/uploads\/2022\/02\/calamar-limpio-indio.jpg\" alt=\"\" width=\"696\" height=\"491\" \/>\r\n<\/a>[\/et_pb_text][\/et_pb_column][et_pb_column type=\"1_3\" _builder_version=\"4.14.7\" _module_preset=\"default\" global_colors_info=\"{}\"][et_pb_text admin_label=\"ANILLO Y ANILLO DE CALAMAR\" _builder_version=\"4.14.7\" _module_preset=\"default\" header_4_font_size=\"20px\" hover_enabled=\"0\" header_4_font_size_tablet=\"\" header_4_font_size_phone=\"\" header_4_font_size_last_edited=\"on|desktop\" global_colors_info=\"{}\" sticky_enabled=\"0\"]<a href=\"https:\/\/alfrisa.com\/import\/tubo-y-anilla-de-calamar\/\">\r\n<h4 class=\"size_import\" style=\"font-family: 'poppins-bold'; color: #000f2a; text-align: center; padding-bottom: 0px;\">TUBO Y ANILLA<\/h4>\r\n<h4 class=\"size_import\" style=\"font-family: 'poppins-bold'; color: #000f2a; text-align: center; padding-bottom: 0px;\">DE CALAMAR<\/h4>\r\n<hr class=\"hr_import\" style=\"border: 1px solid #000f2a;\">\r\n<p style=\"font-family: 'poppins-regular'; color: #000f2a; text-align: center; padding-bottom: 0px;\">(Illex argentinus)<\/p>\r\n<p style=\"text-align: center;\"><img src=\"https:\/\/alfrisa.com\/wp-content\/uploads\/2022\/02\/boton_mas_blanco.jpg\"><\/p>\r\n<img class=\"aligncenter wp-image-524 size-full\" src=\"https:\/\/alfrisa.com\/wp-content\/uploads\/2022\/02\/Tubo-y-anilla-de-calamar-1.png\" alt=\"\" width=\"696\" height=\"491\" \/>\r\n<\/a>[\/et_pb_text][\/et_pb_column][et_pb_column type=\"1_3\" _builder_version=\"4.14.7\" _module_preset=\"default\" global_colors_info=\"{}\"][et_pb_text admin_label=\"GAMBA PELADA\" _builder_version=\"4.14.7\" _module_preset=\"default\" header_4_font_size=\"20px\" hover_enabled=\"0\" header_4_font_size_tablet=\"\" header_4_font_size_phone=\"\" header_4_font_size_last_edited=\"on|desktop\" global_colors_info=\"{}\" sticky_enabled=\"0\"]<a href=\"https:\/\/alfrisa.com\/import\/gamba-pelada\/\">\r\n<h4 class=\"size_import\" style=\"font-family: 'poppins-bold'; color: #000f2a; text-align: center; padding-bottom: 0px;\">GAMBA PELADA<\/h4>\r\n<hr class=\"hr_import\" style=\"border: 1px solid #000f2a;\">\r\n<p style=\"font-family: 'poppins-regular'; color: #000f2a; text-align: center; padding-bottom: 0px;\">(Solenocera melanthoh)<\/p>\r\n<p style=\"text-align: center;\"><img src=\"https:\/\/alfrisa.com\/wp-content\/uploads\/2022\/02\/boton_mas_blanco.jpg\"><\/p>\r\n<img class=\"aligncenter wp-image-524 size-full\" src=\"https:\/\/alfrisa.com\/wp-content\/uploads\/2022\/02\/gamba-pelada.jpg\" alt=\"\" width=\"696\" height=\"491\" \/>\r\n<\/a>[\/et_pb_text][\/et_pb_column][\/et_pb_row][\/et_pb_section]","_et_gb_content_width":""},"_links":{"self":[{"href":"https:\/\/alfrisa.com\/it\/wp-json\/wp\/v2\/pages\/3544"}],"collection":[{"href":"https:\/\/alfrisa.com\/it\/wp-json\/wp\/v2\/pages"}],"about":[{"href":"https:\/\/alfrisa.com\/it\/wp-json\/wp\/v2\/types\/page"}],"author":[{"embeddable":true,"href":"https:\/\/alfrisa.com\/it\/wp-json\/wp\/v2\/users\/1"}],"replies":[{"embeddable":true,"href":"https:\/\/alfrisa.com\/it\/wp-json\/wp\/v2\/comments?post=3544"}],"version-history":[{"count":11,"href":"https:\/\/alfrisa.com\/it\/wp-json\/wp\/v2\/pages\/3544\/revisions"}],"predecessor-version":[{"id":4326,"href":"https:\/\/alfrisa.com\/it\/wp-json\/wp\/v2\/pages\/3544\/revisions\/4326"}],"wp:attachment":[{"href":"https:\/\/alfrisa.com\/it\/wp-json\/wp\/v2\/media?parent=3544"}],"curies":[{"name":"wp","href":"https:\/\/api.w.org\/{rel}","templated":true}]}}