{"id":3607,"date":"2022-02-03T12:32:09","date_gmt":"2022-02-03T12:32:09","guid":{"rendered":"https:\/\/alfrisa.com\/?page_id=3607"},"modified":"2023-03-09T13:46:25","modified_gmt":"2023-03-09T13:46:25","slug":"refrigerato","status":"publish","type":"page","link":"https:\/\/alfrisa.com\/it\/refrigerato\/","title":{"rendered":"Prodotti Refrigerato"},"content":{"rendered":"<p>[et_pb_section fb_built=&#8221;1&#8243; module_id=&#8221;caja_materia_prima&#8221; _builder_version=&#8221;4.14.7&#8243; _module_preset=&#8221;default&#8221; background_image=&#8221;https:\/\/alfrisa.com\/wp-content\/uploads\/2022\/02\/ALFRISA0166.jpg&#8221; min_height=&#8221;800px&#8221; min_height_tablet=&#8221;650px&#8221; min_height_phone=&#8221;500px&#8221; min_height_last_edited=&#8221;on|desktop&#8221; custom_padding=&#8221;0px||0px||false|false&#8221; custom_css_main_element=&#8221;display: flex;&#8221; global_colors_info=&#8221;{}&#8221;][et_pb_row _builder_version=&#8221;4.14.7&#8243; _module_preset=&#8221;default&#8221; width=&#8221;100%&#8221; max_width=&#8221;100%&#8221; custom_padding=&#8221;0px||0px||false|false&#8221; global_colors_info=&#8221;{}&#8221;][et_pb_column type=&#8221;4_4&#8243; _builder_version=&#8221;4.14.7&#8243; _module_preset=&#8221;default&#8221; global_colors_info=&#8221;{}&#8221;][et_pb_text admin_label=&#8221;Materia prima&#8221; _builder_version=&#8221;4.14.7&#8243; _module_preset=&#8221;default&#8221; header_2_font_size=&#8221;40px&#8221; header_6_font_size=&#8221;28px&#8221; header_2_font_size_tablet=&#8221;30px&#8221; header_2_font_size_phone=&#8221;25px&#8221; header_2_font_size_last_edited=&#8221;on|phone&#8221; header_6_font_size_tablet=&#8221;24px&#8221; header_6_font_size_phone=&#8221;20px&#8221; header_6_font_size_last_edited=&#8221;on|phone&#8221; global_colors_info=&#8221;{}&#8221;]<\/p>\n<h2 style=\"font-family: 'poppins-regular'; color: #fff; text-align: center;\">Materie prime <span style=\"font-family: 'poppins-bold';\">di qualit\u00e0<\/span> | <span style=\"font-family: 'poppins-bold';\">Innovazione<\/span> nei processi e nei formati<\/h2>\n<h2 style=\"font-family: 'poppins-regular'; color: #fff; text-align: center;\">Impegno per la <span style=\"font-family: 'poppins-bold';\">sostenibilit\u00e0 qualit\u00e0 ai nostri clienti<\/span><\/h2>\n<p>[\/et_pb_text][\/et_pb_column][\/et_pb_row][\/et_pb_section][et_pb_section fb_built=&#8221;1&#8243; _builder_version=&#8221;4.14.7&#8243; _module_preset=&#8221;default&#8221; global_colors_info=&#8221;{}&#8221;][et_pb_row _builder_version=&#8221;4.14.7&#8243; _module_preset=&#8221;default&#8221; width=&#8221;100%&#8221; max_width=&#8221;100%&#8221; custom_padding=&#8221;0px||0px||false|false&#8221; global_colors_info=&#8221;{}&#8221;][et_pb_column type=&#8221;4_4&#8243; _builder_version=&#8221;4.14.7&#8243; _module_preset=&#8221;default&#8221; global_colors_info=&#8221;{}&#8221;][et_pb_text admin_label=&#8221;LISTADO CON LOS PRODUCTOS (MEN\u00da)&#8221; _builder_version=&#8221;4.14.7&#8243; _module_preset=&#8221;default&#8221; header_4_font_size=&#8221;28px&#8221; hover_enabled=&#8221;0&#8243; header_4_font_size_tablet=&#8221;24px&#8221; header_4_font_size_phone=&#8221;20px&#8221; header_4_font_size_last_edited=&#8221;on|phone&#8221; global_colors_info=&#8221;{}&#8221; sticky_enabled=&#8221;0&#8243;]<\/p>\n<h4 style=\"font-family: 'poppins-regular'; color: #000f2a; text-align: center;\"><a style=\"color: #000f2a;\" href=\"https:\/\/alfrisa.com\/it\/tonno\/\">TONNO<\/a> | <a style=\"color: #000f2a;\" href=\"https:\/\/alfrisa.com\/it\/merluzzo-nordico\/\">MERLUZZO NORDICO<\/a> | <a style=\"color: #000f2a;\" href=\"https:\/\/alfrisa.com\/it\/merluzzo-hubbsi\/\">MERLUZZO HUBBSI<\/a> | <a style=\"color: #000f2a;\" href=\"https:\/\/alfrisa.com\/it\/pesce-spada\/\">PESCE SPADA<\/a> | <a style=\"color: #000f2a;\" href=\"https:\/\/alfrisa.com\/it\/salmone\/\">SALMONE SALAR<\/a> | <a style=\"color: #000f2a;\" href=\"https:\/\/alfrisa.com\/it\/mollame\/\">MOLLAME<\/a> | <a style=\"color: #000f2a;\" href=\"https:\/\/alfrisa.com\/it\/importazione\/\">IMPORTAZIONE<\/a><\/h4>\n<h4 style=\"font-family: 'poppins-regular'; color: #000f2a; text-align: center;\"><a style=\"color: #000f2a;\" href=\"https:\/\/alfrisa.com\/it\/retail\/\">RETAIL<\/a> | <span style=\"font-family: 'poppins-bold';\"><a style=\"color: #000f2a;\" href=\"https:\/\/alfrisa.com\/it\/refrigerato\/\">REFRIGERATO<\/a><\/span><!-- | <a style=\"color: #000f2a;\" href=\"https:\/\/alfrisa.com\/it\/semiconserva\/\">SEMICONSERVA<\/a>--><!--  | <a style=\"color: #000f2a;\" href=\"https:\/\/alfrisa.com\/it\/map\/\">MAP<\/a><\/h4>\n\n-->[\/et_pb_text][\/et_pb_column][\/et_pb_row][\/et_pb_section][et_pb_section fb_built=&#8221;1&#8243; module_id=&#8221;caja de atunes&#8221; _builder_version=&#8221;4.14.7&#8243; _module_preset=&#8221;default&#8221; custom_padding=&#8221;0px||0px||false|false&#8221; global_colors_info=&#8221;{}&#8221;][et_pb_row column_structure=&#8221;1_3,1_3,1_3&#8243; _builder_version=&#8221;4.14.7&#8243; _module_preset=&#8221;default&#8221; width=&#8221;70%&#8221; max_width=&#8221;100%&#8221; custom_padding=&#8221;||0px||false|false&#8221; global_colors_info=&#8221;{}&#8221;][et_pb_column type=&#8221;1_3&#8243; _builder_version=&#8221;4.14.7&#8243; _module_preset=&#8221;default&#8221; global_colors_info=&#8221;{}&#8221;][et_pb_text admin_label=&#8221;FILONE TONNO REFRIGERATO&#8221; _builder_version=&#8221;4.14.7&#8243; _module_preset=&#8221;default&#8221; header_4_font_size=&#8221;20px&#8221; header_4_font_size_tablet=&#8221;&#8221; header_4_font_size_phone=&#8221;&#8221; header_4_font_size_last_edited=&#8221;on|desktop&#8221; global_colors_info=&#8221;{}&#8221;]<a href=\"https:\/\/alfrisa.com\/it\/productos-refrigerado\/filone-tonno-refrigerato\/\"><\/p>\n<h4 class=\"size_refrigerado\" style=\"font-family: 'poppins-bold'; color: #000f2a; text-align: center; padding-bottom: 0px;\">FILONE TONNO<\/h4>\n<h4 class=\"size_refrigerado\" style=\"font-family: 'poppins-bold'; color: #000f2a; text-align: center; padding-bottom: 0px;\">REFRIGERATO<\/h4>\n<hr class=\"hr_refrigerado\" style=\"border: 1px solid #000f2a;\">\n<p style=\"font-family: 'poppins-regular'; color: #000f2a; text-align: center; padding-bottom: 0px;\">(Thunnus albacares)<\/p>\n<p style=\"text-align: center;\"><img decoding=\"async\" src=\"https:\/\/alfrisa.com\/wp-content\/uploads\/2022\/02\/boton_mas_blanco.jpg\"><\/p>\n<p><img decoding=\"async\" loading=\"lazy\" class=\"aligncenter wp-image-524 size-full\" src=\"https:\/\/alfrisa.com\/wp-content\/uploads\/2022\/02\/at-min.png\" alt=\"\" width=\"696\" height=\"491\" \/><br \/>\n<\/a>[\/et_pb_text][\/et_pb_column][et_pb_column type=&#8221;1_3&#8243; _builder_version=&#8221;4.14.7&#8243; _module_preset=&#8221;default&#8221; global_colors_info=&#8221;{}&#8221;][et_pb_text admin_label=&#8221;FILONE PESCE SPADA CON PELLE&#8221; _builder_version=&#8221;4.14.7&#8243; _module_preset=&#8221;default&#8221; header_4_font_size=&#8221;20px&#8221; header_4_font_size_tablet=&#8221;&#8221; header_4_font_size_phone=&#8221;&#8221; header_4_font_size_last_edited=&#8221;on|desktop&#8221; global_colors_info=&#8221;{}&#8221;]<a href=\"https:\/\/alfrisa.com\/it\/productos-refrigerado\/filone-pesce-spada-con-pelle\/\"><\/p>\n<h4 class=\"size_refrigerado\" style=\"font-family: 'poppins-bold'; color: #000f2a; text-align: center; padding-bottom: 0px;\">FILONE PESCE SPADA<\/h4>\n<h4 class=\"size_refrigerado\" style=\"font-family: 'poppins-bold'; color: #000f2a; text-align: center; padding-bottom: 0px;\">CON PELLE<\/h4>\n<hr class=\"hr_refrigerado\" style=\"border: 1px solid #000f2a;\">\n<p style=\"font-family: 'poppins-regular'; color: #000f2a; text-align: center; padding-bottom: 0px;\">(Xiphias gladius)<\/p>\n<p style=\"text-align: center;\"><img decoding=\"async\" src=\"https:\/\/alfrisa.com\/wp-content\/uploads\/2022\/02\/boton_mas_blanco.jpg\"><\/p>\n<p><img decoding=\"async\" loading=\"lazy\" class=\"aligncenter wp-image-524 size-full\" src=\"https:\/\/alfrisa.com\/wp-content\/uploads\/2022\/02\/emperador-min.png\" alt=\"\" width=\"696\" height=\"491\" \/><br \/>\n<\/a>[\/et_pb_text][\/et_pb_column][et_pb_column type=&#8221;1_3&#8243; _builder_version=&#8221;4.14.7&#8243; _module_preset=&#8221;default&#8221; global_colors_info=&#8221;{}&#8221;][et_pb_text admin_label=&#8221;FILONE DI TONNO PREMIUM GARZATO&#8221; _builder_version=&#8221;4.14.7&#8243; _module_preset=&#8221;default&#8221; header_4_font_size=&#8221;20px&#8221; header_4_font_size_tablet=&#8221;&#8221; header_4_font_size_phone=&#8221;&#8221; header_4_font_size_last_edited=&#8221;on|desktop&#8221; global_colors_info=&#8221;{}&#8221;]<a href=\"https:\/\/alfrisa.com\/it\/productos-refrigerado\/filone-di-tonno-premium-garzato\/\"><\/p>\n<h4 class=\"size_refrigerado\" style=\"font-family: 'poppins-bold'; color: #000f2a; text-align: center; padding-bottom: 0px;\">FILONE DI TONNO<\/h4>\n<h4 class=\"size_refrigerado\" style=\"font-family: 'poppins-bold'; color: #000f2a; text-align: center; padding-bottom: 0px;\">PREMIUM GARZATO<\/h4>\n<hr class=\"hr_refrigerado\" style=\"border: 1px solid #000f2a;\">\n<p style=\"font-family: 'poppins-regular'; color: #000f2a; text-align: center; padding-bottom: 0px;\">(Thunnus albacares)<\/p>\n<p style=\"text-align: center;\"><img decoding=\"async\" src=\"https:\/\/alfrisa.com\/wp-content\/uploads\/2022\/02\/boton_mas_blanco.jpg\"><\/p>\n<p><img decoding=\"async\" loading=\"lazy\" class=\"aligncenter wp-image-524 size-full\" src=\"https:\/\/alfrisa.com\/wp-content\/uploads\/2023\/03\/PAPEL-VERDE-Atun-min.png\" alt=\"\" width=\"696\" height=\"491\" \/><br \/>\n<\/a>[\/et_pb_text][\/et_pb_column][\/et_pb_row][\/et_pb_section]<\/p>\n","protected":false},"excerpt":{"rendered":"<p>Materie prime di qualit\u00e0 | Innovazione nei processi e nei formati Impegno per la sostenibilit\u00e0 qualit\u00e0 ai nostri clientiTONNO | MERLUZZO NORDICO | MERLUZZO HUBBSI | PESCE SPADA | SALMONE SALAR | MOLLAME | IMPORTAZIONE RETAIL | REFRIGERATO FILONE TONNO REFRIGERATO (Thunnus albacares) FILONE PESCE SPADA CON PELLE (Xiphias gladius) FILONE DI TONNO PREMIUM GARZATO [&hellip;]<\/p>\n","protected":false},"author":1,"featured_media":0,"parent":0,"menu_order":0,"comment_status":"closed","ping_status":"closed","template":"","meta":{"_et_pb_use_builder":"on","_et_pb_old_content":"[et_pb_section fb_built=\"1\" module_id=\"caja_materia_prima\" _builder_version=\"4.14.7\" _module_preset=\"default\" background_image=\"https:\/\/alfrisa.com\/wp-content\/uploads\/2022\/02\/ALFRISA0166.jpg\" min_height=\"800px\" min_height_tablet=\"650px\" min_height_phone=\"500px\" min_height_last_edited=\"on|desktop\" custom_padding=\"0px||0px||false|false\" custom_css_main_element=\"display: flex;\" global_colors_info=\"{}\"][et_pb_row _builder_version=\"4.14.7\" _module_preset=\"default\" width=\"100%\" max_width=\"100%\" custom_padding=\"0px||0px||false|false\" global_colors_info=\"{}\"][et_pb_column type=\"4_4\" _builder_version=\"4.14.7\" _module_preset=\"default\" global_colors_info=\"{}\"][et_pb_text admin_label=\"Materia prima\" _builder_version=\"4.14.7\" _module_preset=\"default\" header_2_font_size=\"40px\" header_6_font_size=\"28px\" header_2_font_size_tablet=\"30px\" header_2_font_size_phone=\"25px\" header_2_font_size_last_edited=\"on|phone\" header_6_font_size_tablet=\"24px\" header_6_font_size_phone=\"20px\" header_6_font_size_last_edited=\"on|phone\" global_colors_info=\"{}\"]<h2 style=\"font-family: 'poppins-regular'; color: #fff; text-align: center;\">Materia prima <span style=\"font-family: 'poppins-bold';\">de calidad<\/span> | <span style=\"font-family: 'poppins-bold';\">Innovaci\u00f3n<\/span> en los proyectos y formatos<\/h2>\r\n<h2 style=\"font-family: 'poppins-regular'; color: #fff; text-align: center;\">Compromiso con la <span style=\"font-family: 'poppins-bold';\">sostenibilidad<\/span><\/h2>[\/et_pb_text][\/et_pb_column][\/et_pb_row][\/et_pb_section][et_pb_section fb_built=\"1\" _builder_version=\"4.14.7\" _module_preset=\"default\" global_colors_info=\"{}\"][et_pb_row _builder_version=\"4.14.7\" _module_preset=\"default\" width=\"100%\" max_width=\"100%\" custom_padding=\"0px||0px||false|false\" global_colors_info=\"{}\"][et_pb_column type=\"4_4\" _builder_version=\"4.14.7\" _module_preset=\"default\" global_colors_info=\"{}\"][et_pb_text admin_label=\"LISTADO CON LOS PRODUCTOS (MEN\u00da)\" _builder_version=\"4.14.7\" _module_preset=\"default\" header_4_font_size=\"28px\" header_4_font_size_tablet=\"24px\" header_4_font_size_phone=\"20px\" header_4_font_size_last_edited=\"on|phone\" global_colors_info=\"{}\"]<h4 style=\"font-family: 'poppins-regular'; color: #000f2a; text-align: center;\"><a style=\"color: #000f2a;\" href=\"https:\/\/alfrisa.com\/atun\/\">AT\u00daN<\/a> | <a style=\"color: #000f2a;\" href=\"https:\/\/alfrisa.com\/bacalao\/\">BACALAO<\/a> | <a style=\"color: #000f2a;\" href=\"https:\/\/alfrisa.com\/merluza\/\">MERLUZA<\/a> | <a style=\"color: #000f2a;\" href=\"https:\/\/alfrisa.com\/emperador\/\">EMPERADOR<\/a> | <a style=\"color: #000f2a;\" href=\"https:\/\/alfrisa.com\/salmon\/\">SALM\u00d3N<\/a> | <a style=\"color: #000f2a;\" href=\"https:\/\/alfrisa.com\/cefalopodos\/\">CEFAL\u00d3PODOS<\/a> | <a style=\"color: #000f2a;\" href=\"https:\/\/alfrisa.com\/import\/\">IMPORT<\/a><\/h4>\r\n<h4 style=\"font-family: 'poppins-regular'; color: #000f2a; text-align: center;\"><a style=\"color: #000f2a;\" href=\"https:\/\/alfrisa.com\/retail\/\">RETAIL<\/a> | <span style=\"font-family: 'poppins-bold';\"><a style=\"color: #000f2a;\" href=\"https:\/\/alfrisa.com\/refrigerado\/\">REFRIGERADO<\/a><\/span> | <a style=\"color: #000f2a;\" href=\"https:\/\/alfrisa.com\/semiconserva\/\">SEMICONSERVA<\/a> | <a style=\"color: #000f2a;\" href=\"https:\/\/alfrisa.com\/map\/\">MAP<\/a><\/h4>[\/et_pb_text][\/et_pb_column][\/et_pb_row][\/et_pb_section][et_pb_section fb_built=\"1\" module_id=\"caja de atunes\" _builder_version=\"4.14.7\" _module_preset=\"default\" custom_padding=\"0px||0px||false|false\" global_colors_info=\"{}\"][et_pb_row column_structure=\"1_3,1_3,1_3\" _builder_version=\"4.14.7\" _module_preset=\"default\" width=\"70%\" max_width=\"100%\" custom_padding=\"||0px||false|false\" global_colors_info=\"{}\"][et_pb_column type=\"1_3\" _builder_version=\"4.14.7\" _module_preset=\"default\" global_colors_info=\"{}\"][et_pb_text admin_label=\"LOMO DE AT\u00daN\r\nREFRIGERADO\" _builder_version=\"4.14.7\" _module_preset=\"default\" header_4_font_size=\"20px\" header_4_font_size_tablet=\"\" header_4_font_size_phone=\"\" header_4_font_size_last_edited=\"on|desktop\" global_colors_info=\"{}\"]<a href=\"https:\/\/alfrisa.com\/refrigerado\/lomo-de-atun\/\">\r\n<h4 class=\"size_refrigerado\" style=\"font-family: 'poppins-bold'; color: #000f2a; text-align: center; padding-bottom: 0px;\">LOMO DE AT\u00daN<\/h4>\r\n<h4 class=\"size_refrigerado\" style=\"font-family: 'poppins-bold'; color: #000f2a; text-align: center; padding-bottom: 0px;\">REFRIGERADO<\/h4>\r\n<hr class=\"hr_refrigerado\" style=\"border: 1px solid #000f2a;\">\r\n<p style=\"font-family: 'poppins-regular'; color: #000f2a; text-align: center; padding-bottom: 0px;\">(Thunnus albacares)<\/p>\r\n<p style=\"text-align: center;\"><img src=\"https:\/\/alfrisa.com\/wp-content\/uploads\/2022\/02\/boton_mas_blanco.jpg\"><\/p>\r\n<img class=\"aligncenter wp-image-524 size-full\" src=\"https:\/\/alfrisa.com\/wp-content\/uploads\/2022\/02\/at-min.png\" alt=\"\" width=\"696\" height=\"491\" \/>\r\n<\/a>[\/et_pb_text][\/et_pb_column][et_pb_column type=\"1_3\" _builder_version=\"4.14.7\" _module_preset=\"default\" global_colors_info=\"{}\"][et_pb_text admin_label=\"LOMO DE EMPERADOR REFRIGERADO\" _builder_version=\"4.14.7\" _module_preset=\"default\" header_4_font_size=\"20px\" header_4_font_size_tablet=\"\" header_4_font_size_phone=\"\" header_4_font_size_last_edited=\"on|desktop\" global_colors_info=\"{}\"]<a href=\"https:\/\/alfrisa.com\/refrigerado\/lomo-emperador\/\">\r\n<h4 class=\"size_refrigerado\" style=\"font-family: 'poppins-bold'; color: #000f2a; text-align: center; padding-bottom: 0px;\">LOMO DE EMPERADOR<\/h4>\r\n<h4 class=\"size_refrigerado\" style=\"font-family: 'poppins-bold'; color: #000f2a; text-align: center; padding-bottom: 0px;\">REFRIGERADO<\/h4>\r\n<hr class=\"hr_refrigerado\" style=\"border: 1px solid #000f2a;\">\r\n<p style=\"font-family: 'poppins-regular'; color: #000f2a; text-align: center; padding-bottom: 0px;\">(Xiphias gladius)<\/p>\r\n<p style=\"text-align: center;\"><img src=\"https:\/\/alfrisa.com\/wp-content\/uploads\/2022\/02\/boton_mas_blanco.jpg\"><\/p>\r\n<img class=\"aligncenter wp-image-524 size-full\" src=\"https:\/\/alfrisa.com\/wp-content\/uploads\/2022\/02\/emperador-min.png\" alt=\"\" width=\"696\" height=\"491\" \/>\r\n<\/a>[\/et_pb_text][\/et_pb_column][et_pb_column type=\"1_3\" _builder_version=\"4.14.7\" _module_preset=\"default\" global_colors_info=\"{}\"][et_pb_text admin_label=\"AT\u00daN LOMO SIN PIEL PREMIUM\" _builder_version=\"4.14.7\" _module_preset=\"default\" header_4_font_size=\"20px\" hover_enabled=\"0\" header_4_font_size_tablet=\"\" header_4_font_size_phone=\"\" header_4_font_size_last_edited=\"on|desktop\" global_colors_info=\"{}\" sticky_enabled=\"0\"]<a href=\"https:\/\/alfrisa.com\/refrigerado\/atun-lomo-sin-piel-premium\/\">\r\n<h4 class=\"size_refrigerado\" style=\"font-family: 'poppins-bold'; color: #000f2a; text-align: center; padding-bottom: 0px;\">AT\u00daN LOMO SIN PIEL<\/h4>\r\n<h4 class=\"size_refrigerado\" style=\"font-family: 'poppins-bold'; color: #000f2a; text-align: center; padding-bottom: 0px;\">PREMIUM P.VERDE<\/h4>\r\n<hr class=\"hr_refrigerado\" style=\"border: 1px solid #000f2a;\">\r\n<p style=\"font-family: 'poppins-regular'; color: #000f2a; text-align: center; padding-bottom: 0px;\">(Thunnus albacares)<\/p>\r\n<p style=\"text-align: center;\"><img src=\"https:\/\/alfrisa.com\/wp-content\/uploads\/2022\/02\/boton_mas_blanco.jpg\"><\/p>\r\n<img class=\"aligncenter wp-image-1894 size-full\" src=\"https:\/\/alfrisa.com\/wp-content\/uploads\/2022\/02\/Recurso_atun_1.jpg\" alt=\"\" width=\"228\" height=\"300\" \/>\r\n<\/a>[\/et_pb_text][\/et_pb_column][\/et_pb_row][\/et_pb_section]","_et_gb_content_width":""},"_links":{"self":[{"href":"https:\/\/alfrisa.com\/it\/wp-json\/wp\/v2\/pages\/3607"}],"collection":[{"href":"https:\/\/alfrisa.com\/it\/wp-json\/wp\/v2\/pages"}],"about":[{"href":"https:\/\/alfrisa.com\/it\/wp-json\/wp\/v2\/types\/page"}],"author":[{"embeddable":true,"href":"https:\/\/alfrisa.com\/it\/wp-json\/wp\/v2\/users\/1"}],"replies":[{"embeddable":true,"href":"https:\/\/alfrisa.com\/it\/wp-json\/wp\/v2\/comments?post=3607"}],"version-history":[{"count":8,"href":"https:\/\/alfrisa.com\/it\/wp-json\/wp\/v2\/pages\/3607\/revisions"}],"predecessor-version":[{"id":4280,"href":"https:\/\/alfrisa.com\/it\/wp-json\/wp\/v2\/pages\/3607\/revisions\/4280"}],"wp:attachment":[{"href":"https:\/\/alfrisa.com\/it\/wp-json\/wp\/v2\/media?parent=3607"}],"curies":[{"name":"wp","href":"https:\/\/api.w.org\/{rel}","templated":true}]}}